{"id":30059,"date":"2022-06-14T11:04:30","date_gmt":"2022-06-14T05:34:30","guid":{"rendered":"https:\/\/old.yellow.ai\/partner-with-us\/"},"modified":"2022-10-15T00:33:04","modified_gmt":"2022-10-14T19:03:04","slug":"asociarse-con-nosotros","status":"publish","type":"page","link":"https:\/\/old.yellow.ai\/es\/asociarse-con-nosotros\/","title":{"rendered":"As\u00f3ciate con Yellow.ai"},"content":{"rendered":"\n<section class=\"is-layout-flow wp-block-group sec-1\"><div class=\"wp-block-group__inner-container\">\n<div class=\"is-layout-flex wp-container-4 wp-block-columns are-vertically-aligned-center\">\n<div class=\"is-layout-flow wp-block-column is-vertically-aligned-center\">\n<h1>As\u00f3ciate con Yellow.ai<\/h1>\n\n\n\n<p>\u00danete a la red de socios de Yellow.ai para obtener todas las herramientas, el soporte de expertos y los recursos que necesitar\u00e1s para convertirte en el socio de IA Conversacional de referencia para tus clientes.<\/p>\n\n\n\n<div class=\"is-layout-flex wp-block-buttons\">\n<div class=\"wp-block-button partner-colorbox-button\"><a class=\"wp-block-button__link\" href=\"#join-partner\">Convi\u00e9rtete en socio <\/a><\/div>\n<\/div>\n<\/div>\n\n\n\n<div class=\"is-layout-flow wp-block-column is-vertically-aligned-center\">\n<figure class=\"wp-block-embed is-type-video is-provider-youtube wp-block-embed-youtube wp-embed-aspect-16-9 wp-has-aspect-ratio\"><div class=\"wp-block-embed__wrapper\">\n<iframe loading=\"lazy\" title=\"Partner With Yellow.ai and Unlock Business Potential at Scale l AI-powered CX and EX Automation\" width=\"500\" height=\"281\" src=\"https:\/\/www.youtube.com\/embed\/H5WBLA56LiQ?feature=oembed\" frameborder=\"0\" allow=\"accelerometer; autoplay; clipboard-write; encrypted-media; gyroscope; picture-in-picture\" allowfullscreen><\/iframe>\n<\/div><\/figure>\n<\/div>\n<\/div>\n<\/div><\/section>\n\n\n\n<section class=\"is-layout-flow wp-block-group sec-2\"><div class=\"wp-block-group__inner-container\">\n<h2 class=\"has-text-align-center\">Socios <strong>lideres<\/strong> <\/h2>\n\n\n  <div id=\"yellow-slider-block_62c56f02ea617\" class=\"yellow-slider\">\r\n        \r\n        \r\n    <div class=\"slide-track\">\r\n      <div class=\"slide\"><img decoding=\"async\" width=\"990\" height=\"60\" src=\"https:\/\/old.yellow.ai\/wp-content\/uploads\/2022\/07\/partner-logos-1.webp?v=3\" alt=\"Brands\" loading=\"lazy\" \/><\/div>\r\n      <div class=\"slide\"><img decoding=\"async\" width=\"990\" height=\"60\" src=\"https:\/\/old.yellow.ai\/wp-content\/uploads\/2022\/07\/partner-logos-1.webp?v=3\" alt=\"Brands\" loading=\"lazy\" \/><\/div>\r\n      <div class=\"slide\"><img decoding=\"async\" width=\"990\" height=\"60\" src=\"https:\/\/old.yellow.ai\/wp-content\/uploads\/2022\/07\/partner-logos-1.webp?v=3\" alt=\"Brands\" loading=\"lazy\" \/><\/div>\r\n    <\/div>\r\n    <div class=\"mobile-slide-track\">\r\n      <div class=\"slide\"><img decoding=\"async\" width=\"990\" height=\"60\" src=\"https:\/\/old.yellow.ai\/wp-content\/uploads\/2022\/07\/partner-logos-1.webp?v=3\" alt=\"Brands\" loading=\"lazy\" \/><\/div>\r\n      <div class=\"slide\"><img decoding=\"async\" width=\"990\" height=\"60\" src=\"https:\/\/old.yellow.ai\/wp-content\/uploads\/2022\/07\/partner-logos-1.webp?v=3\" alt=\"Brands\" loading=\"lazy\" \/><\/div>\r\n      <div class=\"slide\"><img decoding=\"async\" width=\"990\" height=\"60\" src=\"https:\/\/old.yellow.ai\/wp-content\/uploads\/2022\/07\/partner-logos-1.webp?v=3\" alt=\"Brands\" loading=\"lazy\" \/><\/div>\r\n    <\/div>\r\n  <\/div>\r\n  <\/div><\/section>\n\n\n\n<section class=\"is-layout-flow wp-block-group sec-3\"><div class=\"wp-block-group__inner-container\">\n<h2 class=\"has-text-align-center\">Beneficios del <strong>programa de Asociaci\u00f3n<\/strong> Yellow.ai<\/h2>\n\n\n\n<div class=\"is-layout-flex wp-container-9 wp-block-columns are-vertically-aligned-center partner-program-1\">\n<div class=\"is-layout-flow wp-block-column is-vertically-aligned-center\">\n<h3>Ampl\u00eda tu alcance de clientes<\/h3>\n\n\n\n<p>Aumenta tu base de clientes e invariablemente haz crecer tu negocio agregando, a tu cartera de servicios, las soluciones de Inteligencia Artificial Conversacional de nivel empresarial, que ya han brindado un alto CSAT, NPS, ventas e ingresos para clientes como Bajaj, Sephora, ZALORA y muchos m\u00e1s.<\/p>\n\n\n\n<p><a href=\"https:\/\/old.yellow.ai\/customer-success-stories\/\">Lea las historias de \u00e9xito de los clientes <\/a><\/p>\n<\/div>\n\n\n\n<div class=\"is-layout-flow wp-block-column is-vertically-aligned-center\">\n<figure class=\"wp-block-image size-full\"><img decoding=\"async\" loading=\"lazy\" width=\"808\" height=\"684\" src=\"https:\/\/old.yellow.ai\/wp-content\/uploads\/2022\/07\/Partner-Program-1.webp\" alt=\"\" class=\"wp-image-45783\" srcset=\"https:\/\/old.yellow.ai\/wp-content\/uploads\/2022\/07\/Partner-Program-1.webp 808w, https:\/\/old.yellow.ai\/wp-content\/uploads\/2022\/07\/Partner-Program-1-300x254.webp 300w, https:\/\/old.yellow.ai\/wp-content\/uploads\/2022\/07\/Partner-Program-1-768x650.webp 768w\" sizes=\"(max-width: 808px) 100vw, 808px\" \/><\/figure>\n<\/div>\n<\/div>\n\n\n\n<div class=\"is-layout-flex wp-container-12 wp-block-columns are-vertically-aligned-center partner-program-2 mobile-flip\">\n<div class=\"is-layout-flow wp-block-column is-vertically-aligned-center\">\n<figure class=\"wp-block-image size-full\"><img decoding=\"async\" loading=\"lazy\" width=\"818\" height=\"665\" src=\"https:\/\/old.yellow.ai\/wp-content\/uploads\/2022\/07\/Partner-Program-2.webp\" alt=\"\" class=\"wp-image-45791\" srcset=\"https:\/\/old.yellow.ai\/wp-content\/uploads\/2022\/07\/Partner-Program-2.webp 818w, https:\/\/old.yellow.ai\/wp-content\/uploads\/2022\/07\/Partner-Program-2-300x244.webp 300w, https:\/\/old.yellow.ai\/wp-content\/uploads\/2022\/07\/Partner-Program-2-768x624.webp 768w\" sizes=\"(max-width: 818px) 100vw, 818px\" \/><\/figure>\n<\/div>\n\n\n\n<div class=\"is-layout-flow wp-block-column is-vertically-aligned-center\">\n<h3>Sal al mercado a la velocidad de la luz<\/h3>\n\n\n\n<p>Elije entre cientos de plantillas predise\u00f1adas y personal\u00edzalas en funci\u00f3n de tus requisitos en Marketplace, la tienda m\u00e1s grande del mundo para Agentes de IA Din\u00e1micos y componentes predise\u00f1ados de Agentes de IA listos para la empresa.<\/p>\n\n\n\n<p><a href=\"https:\/\/hub.yellow.ai\/marketplace\">Explora marketplace<\/a><\/p>\n<\/div>\n<\/div>\n\n\n\n<div class=\"is-layout-flex wp-container-15 wp-block-columns are-vertically-aligned-center partner-program-3\">\n<div class=\"is-layout-flow wp-block-column is-vertically-aligned-center\">\n<h3>Impulsa la transformaci\u00f3n a escala<\/h3>\n\n\n\n<p>Obt\u00e9n soporte pr\u00e1ctico de los expertos de Yellow.ai para ampliar las capacidades de tus productos y componentes o idear nuevas capacidades, lo que permitir\u00e1, a tus clientes, ofrecer experiencias de conversaci\u00f3n agradables m\u00e1s r\u00e1pido que nunca.<br><br><a href=\"https:\/\/yellowmessenger.atlassian.net\/servicedesk\/customer\/portal\/5\">Obtener apoyo<\/a><\/p>\n<\/div>\n\n\n\n<div class=\"is-layout-flow wp-block-column is-vertically-aligned-center\">\n<figure class=\"wp-block-image size-full\"><img decoding=\"async\" loading=\"lazy\" width=\"860\" height=\"719\" src=\"https:\/\/old.yellow.ai\/wp-content\/uploads\/2022\/07\/Partner-Program-3.webp\" alt=\"\" class=\"wp-image-45800\" srcset=\"https:\/\/old.yellow.ai\/wp-content\/uploads\/2022\/07\/Partner-Program-3.webp 860w, https:\/\/old.yellow.ai\/wp-content\/uploads\/2022\/07\/Partner-Program-3-300x251.webp 300w, https:\/\/old.yellow.ai\/wp-content\/uploads\/2022\/07\/Partner-Program-3-768x642.webp 768w\" sizes=\"(max-width: 860px) 100vw, 860px\" \/><\/figure>\n<\/div>\n<\/div>\n<\/div><\/section>\n\n\n\n<section class=\"is-layout-flow wp-block-group sec-4\"><div class=\"wp-block-group__inner-container\">\n<div id=\"join-partner\" class=\"is-layout-flow wp-block-group sec-4-wrap\"><div class=\"wp-block-group__inner-container\">\n<h3>\u00danete a la red de socios de Yellow.ai<\/h3>\n\n\n\n<script charset=\"utf-8\" type=\"text\/javascript\" src=\"\/\/js.hsforms.net\/forms\/embed\/v2.js\"><\/script>\n<script>\n  hbspt.forms.create({\n    region: \"na1\",\n    portalId: \"20956546\",\n    formId: \"be1c98f0-309a-4317-a550-4f7ab6988b8f\"\n  });\n<\/script>\n<\/div><\/div>\n<\/div><\/section>\n\n\n\n<section class=\"is-layout-flow wp-block-group sec-5\"><div class=\"wp-block-group__inner-container\">\n<h2 class=\"has-text-align-center\">Ruta del socio <strong>Yellow.ai<\/strong><\/h2>\n\n\n  <div id=\"yellow-partner-slider-block_62c681395d73e\" class=\"yellow-partner-slider\">\r\n    <div class=\"partner-slider-div\">\r\n              <div class=\"wrap\">\r\n          <div class=\"single-slide blue\">\r\n            <div class=\"left\">\r\n              <div class=\"title\">Aborda con facilidad <\/div>\r\n              <div class=\"content\">Ya seas que est\u00e9s comenzando o buscando expandir tu negocio, \u00fanete  a la red de socios Yellow.ai y aprovecha la capacitaci\u00f3n, los recursos de habilitaci\u00f3n, las soluciones bien estructurales y m\u00e1s para atraer a los clientes que buscan soluciones empresariales de IA Conversacional.<\/div>\r\n            <\/div>\r\n            <div class=\"right\">\r\n              <img width=\"460\" height=\"353\" src=\"https:\/\/old.yellow.ai\/wp-content\/uploads\/2022\/07\/Onboard-with-ease-.svg\" class=\"attachment-full size-full\" alt=\"\" decoding=\"async\" loading=\"lazy\" \/>            <\/div>\r\n          <\/div>\r\n        <\/div>\r\n                <div class=\"wrap\">\r\n          <div class=\"single-slide red\">\r\n            <div class=\"left\">\r\n              <div class=\"title\">Comienza r\u00e1pidamente <\/div>\r\n              <div class=\"content\">Crea un bot multiling\u00fce impulsado por NLP r\u00e1pidamente sin necesidad de ingresar c\u00f3digo ni depender del desarrollador. Aprovecha m\u00e1s de 100 integraciones predise\u00f1adas o personaliza una API robustas e implem\u00e9ntela en m\u00e1s de 35 canales con un solo click.<\/div>\r\n            <\/div>\r\n            <div class=\"right\">\r\n              <img width=\"522\" height=\"323\" src=\"https:\/\/old.yellow.ai\/wp-content\/uploads\/2022\/07\/Get-started-quickly-.svg\" class=\"attachment-full size-full\" alt=\"\" decoding=\"async\" loading=\"lazy\" \/>            <\/div>\r\n          <\/div>\r\n        <\/div>\r\n                <div class=\"wrap\">\r\n          <div class=\"single-slide yellow\">\r\n            <div class=\"left\">\r\n              <div class=\"title\">Llegando al mercado <\/div>\r\n              <div class=\"content\">Obt\u00e9n todo el soporte de ventas y marketing, fondos de desarrollo, recursos, as\u00ed como las herramientas que pueden ayudarte a hacer crecer el embudo de ventas e integrarlo con sistemas empresariales populares a escala global, manteni\u00e9ndose al d\u00eda con las crecientes demandas y mejorando el ROI.<\/div>\r\n            <\/div>\r\n            <div class=\"right\">\r\n              <img width=\"467\" height=\"332\" src=\"https:\/\/old.yellow.ai\/wp-content\/uploads\/2022\/07\/Go-to-market-.svg\" class=\"attachment-full size-full\" alt=\"\" decoding=\"async\" loading=\"lazy\" \/>            <\/div>\r\n          <\/div>\r\n        <\/div>\r\n                <div class=\"wrap\">\r\n          <div class=\"single-slide black\">\r\n            <div class=\"left\">\r\n              <div class=\"title\">Crecer con tus clientes <\/div>\r\n              <div class=\"content\">Convi\u00e9rtete en un socio de Yellow.ai no solo para expandir tus servicios, atraer nuevos clientes y aumentar la retenci\u00f3n de clientes, sino tambi\u00e9n para ayudar a tus clientes a brindar experiencias de cliente perfectas con soluciones de automatizaci\u00f3n personalizables u escalables.<\/div>\r\n            <\/div>\r\n            <div class=\"right\">\r\n              <img width=\"517\" height=\"274\" src=\"https:\/\/old.yellow.ai\/wp-content\/uploads\/2022\/07\/Grow-with-your-clients-.svg\" class=\"attachment-full size-full\" alt=\"\" decoding=\"async\" loading=\"lazy\" \/>            <\/div>\r\n          <\/div>\r\n        <\/div>\r\n                <div class=\"wrap\">\r\n          <div class=\"single-slide blue\">\r\n            <div class=\"left\">\r\n              <div class=\"title\">Incrementa tus ingresos <\/div>\r\n              <div class=\"content\">Al aprovechar el potencial de una plataforma de IA Conversacional de vanguardia, puede multiplicar por diez tus ingresos en poco tiempo con un gasto operativo m\u00ednimo o nulo, lo que convierte a esta asociaci\u00f3n en la mejor decisi\u00f3n que jam\u00e1s tomar\u00e1s. <\/div>\r\n            <\/div>\r\n            <div class=\"right\">\r\n              <img width=\"493\" height=\"377\" src=\"https:\/\/old.yellow.ai\/wp-content\/uploads\/2022\/07\/Boost-your-revenue.svg\" class=\"attachment-full size-full\" alt=\"\" decoding=\"async\" loading=\"lazy\" \/>            <\/div>\r\n          <\/div>\r\n        <\/div>\r\n            <\/div>\r\n    <div class=\"pager-div\">\r\n      <div class=\"wrap\">\r\n        <div class=\"pager\">\r\n          <div class=\"pages\"><\/div>\r\n        <\/div>\r\n      <\/div>\r\n    <\/div>\r\n  <\/div>\r\n  \n\n\n<div class=\"is-layout-flex wp-block-buttons\">\n<div class=\"wp-block-button aligncenter partner-colorbox-button\"><a class=\"wp-block-button__link\" href=\"#join-partner\">Convi\u00e9rtete en socio<\/a><\/div>\n<\/div>\n<\/div><\/section>\n\n\n\n<section class=\"is-layout-flow wp-block-group sec-6\"><div class=\"wp-block-group__inner-container\">\n<h2 class=\"has-text-align-center\"><strong>Programas de socios de<\/strong>&nbsp;Yellow.ai<\/h2>\n\n\n\n<p class=\"has-text-align-center sec-6-content\">Explore los diferentes programas de asociaci\u00f3n dise\u00f1ados para fomentar el crecimiento empresarial.<\/p>\n\n\n  <div id=\"yellow-partner-programs-block_62c698d9c1d7d\" class=\"yellow-partner-programs\">\r\n          <div class=\"single-partner-program\">\r\n        <div class=\"top\" style=\"background-image: url(https:\/\/old.yellow.ai\/wp-content\/uploads\/2022\/07\/Partner-Program-BG-1.svg)\">\r\n                      <div class=\"icon-div\">\r\n              <img width=\"73\" height=\"73\" src=\"https:\/\/old.yellow.ai\/wp-content\/uploads\/2022\/07\/Partner-Program-1.svg\" class=\"attachment-full size-full\" alt=\"\" decoding=\"async\" loading=\"lazy\" \/>            <\/div>\r\n                      <div class=\"spp-title\">Socio Global Integrador de Sistemas<\/div>\r\n        <\/div>\r\n        <div class=\"bottom\">\r\n          Crea e implementa soluciones innovadoras de IA conversacional m\u00e1s r\u00e1pido que nunca con el programa de asociaci\u00f3n de integradores de sistemas. Nuestro intuitivo programa de incorporaci\u00f3n te ayudar\u00e1 a comenzar en poco tiempo.        <\/div>\r\n      <\/div>\r\n            <div class=\"single-partner-program\">\r\n        <div class=\"top\" style=\"background-image: url(https:\/\/old.yellow.ai\/wp-content\/uploads\/2022\/07\/Partner-Program-BG-2.svg)\">\r\n                      <div class=\"icon-div\">\r\n              <img width=\"73\" height=\"73\" src=\"https:\/\/old.yellow.ai\/wp-content\/uploads\/2022\/07\/Partner-Program-2.svg\" class=\"attachment-full size-full\" alt=\"\" decoding=\"async\" loading=\"lazy\" \/>            <\/div>\r\n                      <div class=\"spp-title\">Socio ISV\/ Technology Alliance<\/div>\r\n        <\/div>\r\n        <div class=\"bottom\">\r\n          Aprovecha los beneficios infinitos del programa de socios tecnol\u00f3gicos en un mercado en r\u00e1pido crecimiento. Los socios pueden combinar sus ofertas con las potentes soluciones de inteligencia artificial de Yellow.ai para generar un mayor valor para los clientes mutuos.        <\/div>\r\n      <\/div>\r\n            <div class=\"single-partner-program\">\r\n        <div class=\"top\" style=\"background-image: url(https:\/\/old.yellow.ai\/wp-content\/uploads\/2022\/07\/Partner-Program-BG-3.svg)\">\r\n                      <div class=\"icon-div\">\r\n              <img width=\"73\" height=\"73\" src=\"https:\/\/old.yellow.ai\/wp-content\/uploads\/2022\/07\/Partner-Program-3.svg\" class=\"attachment-full size-full\" alt=\"\" decoding=\"async\" loading=\"lazy\" \/>            <\/div>\r\n                      <div class=\"spp-title\">Socio Reseller<\/div>\r\n        <\/div>\r\n        <div class=\"bottom\">\r\n          Reg\u00edstrate en el programa de revendedores y obt\u00e9n acceso a kits de marketing y ventas, as\u00ed como capacitaci\u00f3n t\u00e9cnica para atraer y vender a negocios con alta intenci\u00f3n de compra.        <\/div>\r\n      <\/div>\r\n            <div class=\"single-partner-program\">\r\n        <div class=\"top\" style=\"background-image: url(https:\/\/old.yellow.ai\/wp-content\/uploads\/2022\/07\/Partner-Program-BG-4.svg)\">\r\n                      <div class=\"icon-div\">\r\n              <img width=\"73\" height=\"73\" src=\"https:\/\/old.yellow.ai\/wp-content\/uploads\/2022\/07\/Partner-Program-4.svg\" class=\"attachment-full size-full\" alt=\"\" decoding=\"async\" loading=\"lazy\" \/>            <\/div>\r\n                      <div class=\"spp-title\">Socio Referral<\/div>\r\n        <\/div>\r\n        <div class=\"bottom\">\r\n          Aboga por las soluciones de IA conversacional de pr\u00f3xima generaci\u00f3n, gana comisiones regulares y agrega una nueva fuente de ingresos a tu negocio con el mejor programa de asociaci\u00f3n de referencia de la industria.        <\/div>\r\n      <\/div>\r\n            <div class=\"single-partner-program\">\r\n        <div class=\"top\" style=\"background-image: url(https:\/\/old.yellow.ai\/wp-content\/uploads\/2022\/07\/Partner-Program-BG-5.svg)\">\r\n                      <div class=\"icon-div\">\r\n              <img width=\"73\" height=\"73\" src=\"https:\/\/old.yellow.ai\/wp-content\/uploads\/2022\/07\/Partner-Program-5.svg\" class=\"attachment-full size-full\" alt=\"\" decoding=\"async\" loading=\"lazy\" \/>            <\/div>\r\n                      <div class=\"spp-title\">Socio Consultor<\/div>\r\n        <\/div>\r\n        <div class=\"bottom\">\r\n          La plataforma de 360 grados de Yellow.ai no solo termina en la participaci\u00f3n del cliente. Agrega valor a tus clientes m\u00e1s all\u00e1 del servicio al cliente, con RR. HH., ITSM y muchas otras soluciones disponibles.        <\/div>\r\n      <\/div>\r\n        <\/div>\r\n  <\/div><\/section>\n<style class=\"advgb-styles-renderer\">\r\n      @keyframes scroll-block_62c56f02ea617 {\r\n        0% {\r\n          transform: translate(0, 0);\r\n        }\r\n        50% {\r\n          transform: translate(-1155px, 0);\r\n        }\r\n        100% {\r\n          transform: translate(0, 0);\r\n        }\r\n      }\r\n      #yellow-slider-block_62c56f02ea617 .slide-track {\r\n        will-change: transform;\r\n        animation: scroll-block_62c56f02ea617 46.2s linear infinite;\r\n      }\r\n    \r\n      @keyframes mobile-scroll-block_62c56f02ea617 {\r\n        0% {\r\n          transform: translate(0, 0);\r\n        }\r\n        50% {\r\n          transform: translate(-990px, 0);\r\n        }\r\n        100% {\r\n          transform: translate(0, 0);\r\n        }\r\n      }\r\n      #yellow-slider-block_62c56f02ea617 .mobile-slide-track {\r\n        will-change: transform;\r\n        animation: mobile-scroll-block_62c56f02ea617 39.6s linear infinite;\r\n      }\r\n    <\/style>","protected":false},"excerpt":{"rendered":"<p>As\u00f3ciate con Yellow.ai \u00danete a la red de socios de Yellow.ai para obtener todas las herramientas, el soporte de expertos y los recursos que necesitar\u00e1s para convertirte en el socio de IA Conversacional de referencia para tus clientes. Socios lideres Beneficios del programa de Asociaci\u00f3n Yellow.ai Ampl\u00eda tu alcance de clientes Aumenta tu base de [&hellip;]<\/p>\n","protected":false},"author":7,"featured_media":0,"parent":0,"menu_order":0,"comment_status":"closed","ping_status":"closed","template":"","meta":{"advgb_blocks_editor_width":"","advgb_blocks_columns_visual_guide":"","inline_featured_image":false},"guides_categories":[],"acf":[],"yoast_head":"<!-- This site is optimized with the Yoast SEO plugin v20.2.1 - https:\/\/yoast.com\/wordpress\/plugins\/seo\/ -->\n<title>As\u00f3ciate con Yellow.ai - Yellow.ai<\/title>\n<meta name=\"robots\" content=\"noindex, follow, max-snippet:-1, max-image-preview:large, max-video-preview:-1\" \/>\n<meta property=\"og:locale\" content=\"es_ES\" \/>\n<meta property=\"og:type\" content=\"article\" \/>\n<meta property=\"og:title\" content=\"As\u00f3ciate con Yellow.ai - Yellow.ai\" \/>\n<meta property=\"og:description\" content=\"As\u00f3ciate con Yellow.ai \u00danete a la red de socios de Yellow.ai para obtener todas las herramientas, el soporte de expertos y los recursos que necesitar\u00e1s para convertirte en el socio de IA Conversacional de referencia para tus clientes. Socios lideres Beneficios del programa de Asociaci\u00f3n Yellow.ai Ampl\u00eda tu alcance de clientes Aumenta tu base de [&hellip;]\" \/>\n<meta property=\"og:url\" content=\"https:\/\/old.yellow.ai\/es\/asociarse-con-nosotros\/\" \/>\n<meta property=\"og:site_name\" content=\"Yellow.ai\" \/>\n<meta property=\"article:modified_time\" content=\"2022-10-14T19:03:04+00:00\" \/>\n<meta property=\"og:image\" content=\"https:\/\/yellow.ai\/wp-content\/uploads\/2022\/07\/Partner-Program-1.webp\" \/>\n<meta name=\"twitter:card\" content=\"summary_large_image\" \/>\n<meta name=\"twitter:label1\" content=\"Est. reading time\" \/>\n\t<meta name=\"twitter:data1\" content=\"2 minutos\" \/>\n<script type=\"application\/ld+json\" class=\"yoast-schema-graph\">{\"@context\":\"https:\/\/schema.org\",\"@graph\":[{\"@type\":\"WebPage\",\"@id\":\"https:\/\/old.yellow.ai\/es\/asociarse-con-nosotros\/\",\"url\":\"https:\/\/old.yellow.ai\/es\/asociarse-con-nosotros\/\",\"name\":\"As\u00f3ciate con Yellow.ai - Yellow.ai\",\"isPartOf\":{\"@id\":\"https:\/\/old.yellow.ai\/es\/#website\"},\"datePublished\":\"2022-06-14T05:34:30+00:00\",\"dateModified\":\"2022-10-14T19:03:04+00:00\",\"breadcrumb\":{\"@id\":\"https:\/\/old.yellow.ai\/es\/asociarse-con-nosotros\/#breadcrumb\"},\"inLanguage\":\"es\",\"potentialAction\":[{\"@type\":\"ReadAction\",\"target\":[\"https:\/\/old.yellow.ai\/es\/asociarse-con-nosotros\/\"]}]},{\"@type\":\"BreadcrumbList\",\"@id\":\"https:\/\/old.yellow.ai\/es\/asociarse-con-nosotros\/#breadcrumb\",\"itemListElement\":[{\"@type\":\"ListItem\",\"position\":1,\"name\":\"Home\",\"item\":\"https:\/\/yellow.ai\/es\/\"},{\"@type\":\"ListItem\",\"position\":2,\"name\":\"As\u00f3ciate con Yellow.ai\"}]},{\"@type\":\"WebSite\",\"@id\":\"https:\/\/old.yellow.ai\/es\/#website\",\"url\":\"https:\/\/old.yellow.ai\/es\/\",\"name\":\"Yellow.ai\",\"description\":\"\",\"potentialAction\":[{\"@type\":\"SearchAction\",\"target\":{\"@type\":\"EntryPoint\",\"urlTemplate\":\"https:\/\/old.yellow.ai\/es\/?s={search_term_string}\"},\"query-input\":\"required name=search_term_string\"}],\"inLanguage\":\"es\"}]}<\/script>\n<!-- \/ Yoast SEO plugin. -->","yoast_head_json":{"title":"As\u00f3ciate con Yellow.ai - Yellow.ai","robots":{"index":"noindex","follow":"follow","max-snippet":"max-snippet:-1","max-image-preview":"max-image-preview:large","max-video-preview":"max-video-preview:-1"},"og_locale":"es_ES","og_type":"article","og_title":"As\u00f3ciate con Yellow.ai - Yellow.ai","og_description":"As\u00f3ciate con Yellow.ai \u00danete a la red de socios de Yellow.ai para obtener todas las herramientas, el soporte de expertos y los recursos que necesitar\u00e1s para convertirte en el socio de IA Conversacional de referencia para tus clientes. Socios lideres Beneficios del programa de Asociaci\u00f3n Yellow.ai Ampl\u00eda tu alcance de clientes Aumenta tu base de [&hellip;]","og_url":"https:\/\/old.yellow.ai\/es\/asociarse-con-nosotros\/","og_site_name":"Yellow.ai","article_modified_time":"2022-10-14T19:03:04+00:00","og_image":[{"url":"https:\/\/yellow.ai\/wp-content\/uploads\/2022\/07\/Partner-Program-1.webp"}],"twitter_card":"summary_large_image","twitter_misc":{"Est. reading time":"2 minutos"},"schema":{"@context":"https:\/\/schema.org","@graph":[{"@type":"WebPage","@id":"https:\/\/old.yellow.ai\/es\/asociarse-con-nosotros\/","url":"https:\/\/old.yellow.ai\/es\/asociarse-con-nosotros\/","name":"As\u00f3ciate con Yellow.ai - Yellow.ai","isPartOf":{"@id":"https:\/\/old.yellow.ai\/es\/#website"},"datePublished":"2022-06-14T05:34:30+00:00","dateModified":"2022-10-14T19:03:04+00:00","breadcrumb":{"@id":"https:\/\/old.yellow.ai\/es\/asociarse-con-nosotros\/#breadcrumb"},"inLanguage":"es","potentialAction":[{"@type":"ReadAction","target":["https:\/\/old.yellow.ai\/es\/asociarse-con-nosotros\/"]}]},{"@type":"BreadcrumbList","@id":"https:\/\/old.yellow.ai\/es\/asociarse-con-nosotros\/#breadcrumb","itemListElement":[{"@type":"ListItem","position":1,"name":"Home","item":"https:\/\/yellow.ai\/es\/"},{"@type":"ListItem","position":2,"name":"As\u00f3ciate con Yellow.ai"}]},{"@type":"WebSite","@id":"https:\/\/old.yellow.ai\/es\/#website","url":"https:\/\/old.yellow.ai\/es\/","name":"Yellow.ai","description":"","potentialAction":[{"@type":"SearchAction","target":{"@type":"EntryPoint","urlTemplate":"https:\/\/old.yellow.ai\/es\/?s={search_term_string}"},"query-input":"required name=search_term_string"}],"inLanguage":"es"}]}},"coauthors":[],"author_meta":{"author_link":"https:\/\/old.yellow.ai\/es\/author\/ajmatsio-com\/","display_name":"Matsio"},"relative_dates":{"created":"Publicado 4 a\u00f1os hace","modified":"Actualizado 4 a\u00f1os hace"},"absolute_dates":{"created":"Publicado el junio 14, 2022","modified":"Actualizado el octubre 15, 2022"},"absolute_dates_time":{"created":"Publicado el junio 14, 2022 11:04 am","modified":"Actualizado el octubre 15, 2022 12:33 am"},"featured_img_caption":"","featured_img":false,"series_order":"","_links":{"self":[{"href":"https:\/\/old.yellow.ai\/es\/wp-json\/wp\/v2\/pages\/30059"}],"collection":[{"href":"https:\/\/old.yellow.ai\/es\/wp-json\/wp\/v2\/pages"}],"about":[{"href":"https:\/\/old.yellow.ai\/es\/wp-json\/wp\/v2\/types\/page"}],"author":[{"embeddable":true,"href":"https:\/\/old.yellow.ai\/es\/wp-json\/wp\/v2\/users\/7"}],"replies":[{"embeddable":true,"href":"https:\/\/old.yellow.ai\/es\/wp-json\/wp\/v2\/comments?post=30059"}],"version-history":[{"count":31,"href":"https:\/\/old.yellow.ai\/es\/wp-json\/wp\/v2\/pages\/30059\/revisions"}],"predecessor-version":[{"id":68309,"href":"https:\/\/old.yellow.ai\/es\/wp-json\/wp\/v2\/pages\/30059\/revisions\/68309"}],"wp:attachment":[{"href":"https:\/\/old.yellow.ai\/es\/wp-json\/wp\/v2\/media?parent=30059"}],"wp:term":[{"taxonomy":"guides_categories","embeddable":true,"href":"https:\/\/old.yellow.ai\/es\/wp-json\/wp\/v2\/guides_categories?post=30059"}],"curies":[{"name":"wp","href":"https:\/\/api.w.org\/{rel}","templated":true}]}}