{"id":37431,"date":"2022-05-02T13:59:20","date_gmt":"2022-05-02T08:29:20","guid":{"rendered":"https:\/\/old.yellow.ai\/chatbot-pricing\/"},"modified":"2022-07-01T17:57:52","modified_gmt":"2022-07-01T12:27:52","slug":"pricing-ai-chatbot","status":"publish","type":"page","link":"https:\/\/old.yellow.ai\/es\/pricing-ai-chatbot\/","title":{"rendered":"Pricing AI Chatbot"},"content":{"rendered":"\n<section class=\"is-layout-flow wp-block-group sec-1\"><div class=\"wp-block-group__inner-container\">\n<h1>Con nosotros,\u00a0<strong>un centavo gastado<br>es un d\u00f3lar ahorrado<\/strong><\/h1>\n\n\n\n<p>De cero a cien, tenemos cubierta su necesidad de\u00a0automatizaci\u00f3n de CX.\u00a0Escale el volumen, los canales, las integraciones y la capacidad de los bots sobre la marcha.<\/p>\n<\/div><\/section>\n\n\n\n<section class=\"is-layout-flow wp-block-group sec-2\"><div class=\"wp-block-group__inner-container\">\n<h2>Nos encanta el crecimiento tanto como a<br>usted,\u00a0<strong>\u00a1escale su automatizaci\u00f3n<\/strong>\u00a0con nosotros!<\/h2>\n\n\n  <div id=\"yellow-features-slider-block_626fa2b587685\" class=\"yellow-features-slider\">\r\n    <div class=\"wrap\">\r\n      <div class=\"slider-div\">\r\n                  <a class=\"single-slider\"\r\n                        >\r\n            <div class=\"img-div\">\r\n              <img width=\"700\" height=\"500\" src=\"https:\/\/old.yellow.ai\/wp-content\/uploads\/2022\/05\/pricing1-700x500.webp\" class=\"attachment-slider-img size-slider-img\" alt=\"\" decoding=\"async\" loading=\"lazy\" \/>            <\/div>\r\n            <div class=\"content-div\">\r\n                            <p class=\"title\">Land and Expand<\/p>\r\n              <div class=\"content\">Start with a deployment, see the magic, come back wanting for more. All this without re-contracting. Land with us and expand your CX automation ambition.<\/div>\r\n            <\/div>\r\n          <\/a>\r\n                    <a class=\"single-slider\"\r\n                        >\r\n            <div class=\"img-div\">\r\n              <img width=\"700\" height=\"500\" src=\"https:\/\/old.yellow.ai\/wp-content\/uploads\/2022\/05\/pricing2-700x500.webp\" class=\"attachment-slider-img size-slider-img\" alt=\"\" decoding=\"async\" loading=\"lazy\" srcset=\"https:\/\/old.yellow.ai\/wp-content\/uploads\/2022\/05\/pricing2-700x500.webp 700w, https:\/\/old.yellow.ai\/wp-content\/uploads\/2022\/05\/pricing2-300x214.webp 300w, https:\/\/old.yellow.ai\/wp-content\/uploads\/2022\/05\/pricing2-768x547.webp 768w\" sizes=\"(max-width: 700px) 100vw, 700px\" \/>            <\/div>\r\n            <div class=\"content-div\">\r\n                            <p class=\"title\">Economies of Scale<\/p>\r\n              <div class=\"content\">This is our fav concept from economics. We love big contracts and our enterprise customers dig them. Because big contracts = big discounts. Talk to us.<\/div>\r\n            <\/div>\r\n          <\/a>\r\n                    <a class=\"single-slider\"\r\n                        >\r\n            <div class=\"img-div\">\r\n              <img width=\"700\" height=\"500\" src=\"https:\/\/old.yellow.ai\/wp-content\/uploads\/2022\/05\/pricing3-700x500.webp\" class=\"attachment-slider-img size-slider-img\" alt=\"\" decoding=\"async\" loading=\"lazy\" \/>            <\/div>\r\n            <div class=\"content-div\">\r\n                            <p class=\"title\">Outcome-based Pricing<\/p>\r\n              <div class=\"content\">Our motto is to help you drive 60% automation in the first 30 days of your journey with us. We\u2019re as bullish about ROI as you are. Let\u2019s talk.<\/div>\r\n            <\/div>\r\n          <\/a>\r\n                <\/div>\r\n            <div class=\"pager-div  hide tablet\">\r\n        <div class=\"pager\">\r\n          <div class=\"prev\"><\/div>\r\n          <div class=\"pages\"><\/div>\r\n          <div class=\"next\"><\/div>\r\n        <\/div>\r\n      <\/div>\r\n    <\/div>\r\n  <\/div>\r\n  <\/div><\/section>\n\n\n\n<section class=\"is-layout-flow wp-block-group sec-3\"><div class=\"wp-block-group__inner-container\">  <div id=\"yellow-price-tab-block_62bd67177a4ad\" class=\"yellow-price-tab\">\r\n    <div class=\"tab-view\">\r\n                <a class=\"price-single-tab active\" href=\"#pricetab1\">CX on Voice<\/a>\r\n                    <a class=\"price-single-tab\" href=\"#pricetab2\">CX on Text<\/a>\r\n              <\/div>\r\n    <div class=\"tab-body\">\r\n                  <div class=\"tab-content active\" id=\"pricetab1\">\r\n              \n<p class=\"has-text-align-center\">Todo lo que necesita para automatizar la comunicaci\u00f3n de sus clientes.<\/p>\n\n\n\n<figure class=\"wp-block-table\"><table><thead><tr><th><\/th><th class=\"has-text-align-center\" data-align=\"center\"><strong><strong><strong>Emprendedor<\/strong><\/strong><\/strong><\/th><th class=\"has-text-align-center\" data-align=\"center\"><strong><strong><strong>Est\u00e1ndar<\/strong><\/strong><\/strong><\/th><th class=\"has-text-align-center\" data-align=\"center\"><strong>Profesional<\/strong><\/th><th class=\"has-text-align-center\" data-align=\"center\"><strong><strong><strong>Empresarial<\/strong><\/strong><\/strong><\/th><\/tr><\/thead><tbody><tr><td><strong>Estudio de conversaci\u00f3n<\/strong><\/td><td class=\"has-text-align-center\" data-align=\"center\"><\/td><td class=\"has-text-align-center\" data-align=\"center\"><\/td><td class=\"has-text-align-center\" data-align=\"center\"><\/td><td class=\"has-text-align-center\" data-align=\"center\"><\/td><\/tr><tr><td>Intenci\u00f3n\/Recorridos<\/td><td class=\"has-text-align-center\" data-align=\"center\">3<\/td><td class=\"has-text-align-center\" data-align=\"center\">10<\/td><td class=\"has-text-align-center\" data-align=\"center\">20<\/td><td class=\"has-text-align-center\" data-align=\"center\">50<\/td><\/tr><tr><td>Entorno de desarrollo integrado (IDE) avanzado<\/td><td class=\"has-text-align-center\" data-align=\"center\">s\u00ed<\/td><td class=\"has-text-align-center\" data-align=\"center\">s\u00ed<\/td><td class=\"has-text-align-center\" data-align=\"center\">s\u00ed<\/td><td class=\"has-text-align-center\" data-align=\"center\">s\u00ed<\/td><\/tr><tr><td>Base de datos<\/td><td class=\"has-text-align-center\" data-align=\"center\">s\u00ed<\/td><td class=\"has-text-align-center\" data-align=\"center\">s\u00ed<\/td><td class=\"has-text-align-center\" data-align=\"center\">s\u00ed<\/td><td class=\"has-text-align-center\" data-align=\"center\">s\u00ed<\/td><\/tr><tr><td>PREGUNTAS FRECUENTES<\/td><td class=\"has-text-align-center\" data-align=\"center\">25<\/td><td class=\"has-text-align-center\" data-align=\"center\">75<\/td><td class=\"has-text-align-center\" data-align=\"center\">150<\/td><td class=\"has-text-align-center\" data-align=\"center\">500<\/td><\/tr><tr><td>M\u00f3dulo de aprendizaje<\/td><td class=\"has-text-align-center\" data-align=\"center\">s\u00ed<\/td><td class=\"has-text-align-center\" data-align=\"center\">s\u00ed<\/td><td class=\"has-text-align-center\" data-align=\"center\">s\u00ed<\/td><td class=\"has-text-align-center\" data-align=\"center\">s\u00ed<\/td><\/tr><tr><td><strong><a class=\"price-dropdownbutton\" href=\"#\">Bandeja de entrada<\/a><\/strong><\/td><td class=\"has-text-align-center\" data-align=\"center\"><\/td><td class=\"has-text-align-center\" data-align=\"center\"><\/td><td class=\"has-text-align-center\" data-align=\"center\"><\/td><td class=\"has-text-align-center\" data-align=\"center\"><\/td><\/tr><tr><td>Chat<\/td><td class=\"has-text-align-center\" data-align=\"center\">s\u00ed<\/td><td class=\"has-text-align-center\" data-align=\"center\">s\u00ed<\/td><td class=\"has-text-align-center\" data-align=\"center\">s\u00ed<\/td><td class=\"has-text-align-center\" data-align=\"center\">s\u00ed<\/td><\/tr><tr><td>Correos<\/td><td class=\"has-text-align-center\" data-align=\"center\">s\u00ed<\/td><td class=\"has-text-align-center\" data-align=\"center\">s\u00ed<\/td><td class=\"has-text-align-center\" data-align=\"center\">s\u00ed<\/td><td class=\"has-text-align-center\" data-align=\"center\">s\u00ed<\/td><\/tr><tr><td>Correos electr\u00f3nicos<\/td><td class=\"has-text-align-center\" data-align=\"center\">s\u00ed<\/td><td class=\"has-text-align-center\" data-align=\"center\">s\u00ed<\/td><td class=\"has-text-align-center\" data-align=\"center\">s\u00ed<\/td><td class=\"has-text-align-center\" data-align=\"center\">s\u00ed<\/td><\/tr><tr><td>M\u00f3dulo de agentes<\/td><td class=\"has-text-align-center\" data-align=\"center\">2<\/td><td class=\"has-text-align-center\" data-align=\"center\">4<\/td><td class=\"has-text-align-center\" data-align=\"center\">6<\/td><td class=\"has-text-align-center\" data-align=\"center\">25<\/td><\/tr><tr><td><strong>Anal\u00edtica<\/strong><\/td><td class=\"has-text-align-center\" data-align=\"center\"><\/td><td class=\"has-text-align-center\" data-align=\"center\"><\/td><td class=\"has-text-align-center\" data-align=\"center\"><\/td><td class=\"has-text-align-center\" data-align=\"center\"><\/td><\/tr><tr><td>Predeterminada<\/td><td class=\"has-text-align-center\" data-align=\"center\">s\u00ed<\/td><td class=\"has-text-align-center\" data-align=\"center\">s\u00ed<\/td><td class=\"has-text-align-center\" data-align=\"center\">s\u00ed<\/td><td class=\"has-text-align-center\" data-align=\"center\">s\u00ed<\/td><\/tr><tr><td>API<\/td><td class=\"has-text-align-center\" data-align=\"center\">No<\/td><td class=\"has-text-align-center\" data-align=\"center\">s\u00ed<\/td><td class=\"has-text-align-center\" data-align=\"center\">s\u00ed<\/td><td class=\"has-text-align-center\" data-align=\"center\">s\u00ed<\/td><\/tr><tr><td>Personalizado<\/td><td class=\"has-text-align-center\" data-align=\"center\">No<\/td><td class=\"has-text-align-center\" data-align=\"center\">No<\/td><td class=\"has-text-align-center\" data-align=\"center\">No<\/td><td class=\"has-text-align-center\" data-align=\"center\">No<\/td><\/tr><tr><td><strong>Integraciones<\/strong><\/td><td class=\"has-text-align-center\" data-align=\"center\"><\/td><td class=\"has-text-align-center\" data-align=\"center\"><\/td><td class=\"has-text-align-center\" data-align=\"center\"><\/td><td class=\"has-text-align-center\" data-align=\"center\"><\/td><\/tr><tr><td>Idioma<\/td><td class=\"has-text-align-center\" data-align=\"center\">1<\/td><td class=\"has-text-align-center\" data-align=\"center\">2<\/td><td class=\"has-text-align-center\" data-align=\"center\">3<\/td><td class=\"has-text-align-center\" data-align=\"center\">10<\/td><\/tr><tr><td>Canales<\/td><td class=\"has-text-align-center\" data-align=\"center\">2<\/td><td class=\"has-text-align-center\" data-align=\"center\">3<\/td><td class=\"has-text-align-center\" data-align=\"center\">4<\/td><td class=\"has-text-align-center\" data-align=\"center\">10<\/td><\/tr><tr><td>API<\/td><td class=\"has-text-align-center\" data-align=\"center\">2<\/td><td class=\"has-text-align-center\" data-align=\"center\">4<\/td><td class=\"has-text-align-center\" data-align=\"center\">5<\/td><td class=\"has-text-align-center\" data-align=\"center\">25<\/td><\/tr><tr><td>Bot de IA de voz<\/td><td class=\"has-text-align-center\" data-align=\"center\">No<\/td><td class=\"has-text-align-center\" data-align=\"center\">s\u00ed<\/td><td class=\"has-text-align-center\" data-align=\"center\">s\u00ed<\/td><td class=\"has-text-align-center\" data-align=\"center\">s\u00ed<\/td><\/tr><tr><td><strong>Uso<\/strong><\/td><td class=\"has-text-align-center\" data-align=\"center\"><\/td><td class=\"has-text-align-center\" data-align=\"center\"><\/td><td class=\"has-text-align-center\" data-align=\"center\"><\/td><td class=\"has-text-align-center\" data-align=\"center\"><\/td><\/tr><tr><td>Conversaciones\/Chat\/Notificaciones no de WhatsApp<\/td><td class=\"has-text-align-center\" data-align=\"center\">5000<\/td><td class=\"has-text-align-center\" data-align=\"center\">15000<\/td><td class=\"has-text-align-center\" data-align=\"center\">30000<\/td><td class=\"has-text-align-center\" data-align=\"center\">75000<\/td><\/tr><tr><td>Almacenamiento de datos<\/td><td class=\"has-text-align-center\" data-align=\"center\">3 meses<\/td><td class=\"has-text-align-center\" data-align=\"center\">4 meses<\/td><td class=\"has-text-align-center\" data-align=\"center\">6 meses<\/td><td class=\"has-text-align-center\" data-align=\"center\">8 meses<\/td><\/tr><tr><td><strong><strong>Los precios anuales comienzan desde<\/strong><\/strong><\/td><td class=\"has-text-align-center\" data-align=\"center\"><a class=\"button\" href=\"https:\/\/old.yellow.ai\/es\/request-demo?pricing_plan=voice_starter\" target=\"_blank\" rel=\"noreferrer noopener\">Solicitud de precio<\/a><\/td><td class=\"has-text-align-center\" data-align=\"center\"><a class=\"button\" href=\"https:\/\/old.yellow.ai\/es\/request-demo?pricing_plan=voice_standard\" target=\"_blank\" rel=\"noreferrer noopener\">Solicitud de precio<\/a><\/td><td class=\"has-text-align-center\" data-align=\"center\"><a class=\"button\" href=\"https:\/\/old.yellow.ai\/es\/request-demo?pricing_plan=voice_professional\" target=\"_blank\" rel=\"noreferrer noopener\">Solicitud de precio<\/a><\/td><td class=\"has-text-align-center\" data-align=\"center\"><a class=\"button\" href=\"https:\/\/old.yellow.ai\/es\/request-demo?pricing_plan=voice_enterprise\" target=\"_blank\" rel=\"noreferrer noopener\">Solicitud de precio<\/a><\/td><\/tr><\/tbody><\/table><\/figure>\n\n\n\n<p><\/p>\n            <\/div>\r\n                <\/div>\r\n  <\/div>\r\n  <\/div><\/section>\n\n\n\n<div class=\"is-layout-flow wp-block-group sec-4\"><div class=\"wp-block-group__inner-container\">\n<div class=\"is-layout-flex wp-container-7 wp-block-columns\">\n<div class=\"is-layout-flow wp-block-column\">\n<h3>\u00a1Experimente el poder de nuestra plataforma!<\/h3>\n\n\n\n<p>Cree y lance su propio\u00a0chatbot\u00a0en un entorno sin c\u00f3digo. Tan f\u00e1cil como tener una conversaci\u00f3n.<\/p>\n\n\n\n<div class=\"is-layout-flex wp-block-buttons request-demo-btn-block\">\n<div class=\"wp-block-button request-demo-btn\"><a class=\"wp-block-button__link\" href=\"https:\/\/old.yellow.ai\/es\/request-demo\/\">Iniciar prueba gratuita<\/a><\/div>\n<\/div>\n<\/div>\n\n\n\n<div class=\"is-layout-flow wp-block-column\">\n<figure class=\"wp-block-image size-large\"><img decoding=\"async\" loading=\"lazy\" width=\"1024\" height=\"753\" src=\"https:\/\/old.yellow.ai\/wp-content\/uploads\/2022\/05\/experience-platform-1024x753.webp\" alt=\"\" class=\"wp-image-1980\" srcset=\"https:\/\/old.yellow.ai\/wp-content\/uploads\/2022\/05\/experience-platform-1024x753.webp 1024w, https:\/\/old.yellow.ai\/wp-content\/uploads\/2022\/05\/experience-platform-300x221.webp 300w, https:\/\/old.yellow.ai\/wp-content\/uploads\/2022\/05\/experience-platform-768x565.webp 768w, https:\/\/old.yellow.ai\/wp-content\/uploads\/2022\/05\/experience-platform-1536x1130.webp 1536w, https:\/\/old.yellow.ai\/wp-content\/uploads\/2022\/05\/experience-platform.webp 1563w\" sizes=\"(max-width: 1024px) 100vw, 1024px\" \/><\/figure>\n<\/div>\n<\/div>\n<\/div><\/div>\n","protected":false},"excerpt":{"rendered":"<p>Con nosotros,\u00a0un centavo gastadoes un d\u00f3lar ahorrado De cero a cien, tenemos cubierta su necesidad de\u00a0automatizaci\u00f3n de CX.\u00a0Escale el volumen, los canales, las integraciones y la capacidad de los bots sobre la marcha. Nos encanta el crecimiento tanto como austed,\u00a0\u00a1escale su automatizaci\u00f3n\u00a0con nosotros! \u00a1Experimente el poder de nuestra plataforma! Cree y lance su propio\u00a0chatbot\u00a0en un [&hellip;]<\/p>\n","protected":false},"author":4,"featured_media":0,"parent":0,"menu_order":0,"comment_status":"closed","ping_status":"closed","template":"","meta":{"advgb_blocks_editor_width":"","advgb_blocks_columns_visual_guide":"","inline_featured_image":false},"guides_categories":[],"acf":[],"yoast_head":"<!-- This site is optimized with the Yoast SEO plugin v20.2.1 - https:\/\/yoast.com\/wordpress\/plugins\/seo\/ -->\n<title>AI Chatbot Pricing | Affordable Solutions | yellow.ai<\/title>\n<meta name=\"description\" content=\"Checkout pricing and plans for yellow.ai chatbot ,all in one chatbot software to help you automate interactions for customer service and marketing\" \/>\n<meta name=\"robots\" content=\"noindex, follow, max-snippet:-1, max-image-preview:large, max-video-preview:-1\" \/>\n<meta property=\"og:locale\" content=\"es_ES\" \/>\n<meta property=\"og:type\" content=\"article\" \/>\n<meta property=\"og:title\" content=\"AI Chatbot Pricing | Affordable Solutions | yellow.ai\" \/>\n<meta property=\"og:description\" content=\"Checkout pricing and plans for yellow.ai chatbot ,all in one chatbot software to help you automate interactions for customer service and marketing\" \/>\n<meta property=\"og:url\" content=\"https:\/\/old.yellow.ai\/es\/pricing-ai-chatbot\/\" \/>\n<meta property=\"og:site_name\" content=\"Yellow.ai\" \/>\n<meta property=\"article:modified_time\" content=\"2022-07-01T12:27:52+00:00\" \/>\n<meta property=\"og:image\" content=\"https:\/\/yellow.ai\/wp-content\/uploads\/2022\/05\/pricing-ai-chatbot-OG.png\" \/>\n\t<meta property=\"og:image:width\" content=\"1200\" \/>\n\t<meta property=\"og:image:height\" content=\"628\" \/>\n\t<meta property=\"og:image:type\" content=\"image\/png\" \/>\n<meta name=\"twitter:card\" content=\"summary_large_image\" \/>\n<meta name=\"twitter:title\" content=\"AI Chatbot Pricing | Affordable Solutions | yellow.ai\" \/>\n<meta name=\"twitter:description\" content=\"Checkout pricing and plans for yellow.ai chatbot ,all in one chatbot software to help you automate interactions for customer service and marketing\" \/>\n<meta name=\"twitter:image\" content=\"https:\/\/old.yellow.ai\/wp-content\/uploads\/2022\/05\/pricing-ai-chatbot-OG.png\" \/>\n<meta name=\"twitter:label1\" content=\"Est. reading time\" \/>\n\t<meta name=\"twitter:data1\" content=\"1 minuto\" \/>\n<script type=\"application\/ld+json\" class=\"yoast-schema-graph\">{\"@context\":\"https:\/\/schema.org\",\"@graph\":[{\"@type\":\"WebPage\",\"@id\":\"https:\/\/old.yellow.ai\/es\/pricing-ai-chatbot\/\",\"url\":\"https:\/\/old.yellow.ai\/es\/pricing-ai-chatbot\/\",\"name\":\"AI Chatbot Pricing | Affordable Solutions | yellow.ai\",\"isPartOf\":{\"@id\":\"https:\/\/old.yellow.ai\/es\/#website\"},\"datePublished\":\"2022-05-02T08:29:20+00:00\",\"dateModified\":\"2022-07-01T12:27:52+00:00\",\"description\":\"Checkout pricing and plans for yellow.ai chatbot ,all in one chatbot software to help you automate interactions for customer service and marketing\",\"breadcrumb\":{\"@id\":\"https:\/\/old.yellow.ai\/es\/pricing-ai-chatbot\/#breadcrumb\"},\"inLanguage\":\"es\",\"potentialAction\":[{\"@type\":\"ReadAction\",\"target\":[\"https:\/\/old.yellow.ai\/es\/pricing-ai-chatbot\/\"]}]},{\"@type\":\"BreadcrumbList\",\"@id\":\"https:\/\/old.yellow.ai\/es\/pricing-ai-chatbot\/#breadcrumb\",\"itemListElement\":[{\"@type\":\"ListItem\",\"position\":1,\"name\":\"Home\",\"item\":\"https:\/\/yellow.ai\/es\/\"},{\"@type\":\"ListItem\",\"position\":2,\"name\":\"Pricing AI Chatbot\"}]},{\"@type\":\"WebSite\",\"@id\":\"https:\/\/old.yellow.ai\/es\/#website\",\"url\":\"https:\/\/old.yellow.ai\/es\/\",\"name\":\"Yellow.ai\",\"description\":\"\",\"potentialAction\":[{\"@type\":\"SearchAction\",\"target\":{\"@type\":\"EntryPoint\",\"urlTemplate\":\"https:\/\/old.yellow.ai\/es\/?s={search_term_string}\"},\"query-input\":\"required name=search_term_string\"}],\"inLanguage\":\"es\"}]}<\/script>\n<!-- \/ Yoast SEO plugin. -->","yoast_head_json":{"title":"AI Chatbot Pricing | Affordable Solutions | yellow.ai","description":"Checkout pricing and plans for yellow.ai chatbot ,all in one chatbot software to help you automate interactions for customer service and marketing","robots":{"index":"noindex","follow":"follow","max-snippet":"max-snippet:-1","max-image-preview":"max-image-preview:large","max-video-preview":"max-video-preview:-1"},"og_locale":"es_ES","og_type":"article","og_title":"AI Chatbot Pricing | Affordable Solutions | yellow.ai","og_description":"Checkout pricing and plans for yellow.ai chatbot ,all in one chatbot software to help you automate interactions for customer service and marketing","og_url":"https:\/\/old.yellow.ai\/es\/pricing-ai-chatbot\/","og_site_name":"Yellow.ai","article_modified_time":"2022-07-01T12:27:52+00:00","og_image":[{"width":1200,"height":628,"url":"https:\/\/yellow.ai\/wp-content\/uploads\/2022\/05\/pricing-ai-chatbot-OG.png","type":"image\/png"}],"twitter_card":"summary_large_image","twitter_title":"AI Chatbot Pricing | Affordable Solutions | yellow.ai","twitter_description":"Checkout pricing and plans for yellow.ai chatbot ,all in one chatbot software to help you automate interactions for customer service and marketing","twitter_image":"https:\/\/old.yellow.ai\/wp-content\/uploads\/2022\/05\/pricing-ai-chatbot-OG.png","twitter_misc":{"Est. reading time":"1 minuto"},"schema":{"@context":"https:\/\/schema.org","@graph":[{"@type":"WebPage","@id":"https:\/\/old.yellow.ai\/es\/pricing-ai-chatbot\/","url":"https:\/\/old.yellow.ai\/es\/pricing-ai-chatbot\/","name":"AI Chatbot Pricing | Affordable Solutions | yellow.ai","isPartOf":{"@id":"https:\/\/old.yellow.ai\/es\/#website"},"datePublished":"2022-05-02T08:29:20+00:00","dateModified":"2022-07-01T12:27:52+00:00","description":"Checkout pricing and plans for yellow.ai chatbot ,all in one chatbot software to help you automate interactions for customer service and marketing","breadcrumb":{"@id":"https:\/\/old.yellow.ai\/es\/pricing-ai-chatbot\/#breadcrumb"},"inLanguage":"es","potentialAction":[{"@type":"ReadAction","target":["https:\/\/old.yellow.ai\/es\/pricing-ai-chatbot\/"]}]},{"@type":"BreadcrumbList","@id":"https:\/\/old.yellow.ai\/es\/pricing-ai-chatbot\/#breadcrumb","itemListElement":[{"@type":"ListItem","position":1,"name":"Home","item":"https:\/\/yellow.ai\/es\/"},{"@type":"ListItem","position":2,"name":"Pricing AI Chatbot"}]},{"@type":"WebSite","@id":"https:\/\/old.yellow.ai\/es\/#website","url":"https:\/\/old.yellow.ai\/es\/","name":"Yellow.ai","description":"","potentialAction":[{"@type":"SearchAction","target":{"@type":"EntryPoint","urlTemplate":"https:\/\/old.yellow.ai\/es\/?s={search_term_string}"},"query-input":"required name=search_term_string"}],"inLanguage":"es"}]}},"coauthors":[],"author_meta":{"author_link":"https:\/\/old.yellow.ai\/es\/author\/matheswaran-syellow-ai\/","display_name":"Matheswaran S"},"relative_dates":{"created":"Publicado 4 a\u00f1os hace","modified":"Actualizado 4 a\u00f1os hace"},"absolute_dates":{"created":"Publicado el mayo 2, 2022","modified":"Actualizado el julio 1, 2022"},"absolute_dates_time":{"created":"Publicado el mayo 2, 2022 1:59 pm","modified":"Actualizado el julio 1, 2022 5:57 pm"},"featured_img_caption":"","featured_img":false,"series_order":"","_links":{"self":[{"href":"https:\/\/old.yellow.ai\/es\/wp-json\/wp\/v2\/pages\/37431"}],"collection":[{"href":"https:\/\/old.yellow.ai\/es\/wp-json\/wp\/v2\/pages"}],"about":[{"href":"https:\/\/old.yellow.ai\/es\/wp-json\/wp\/v2\/types\/page"}],"author":[{"embeddable":true,"href":"https:\/\/old.yellow.ai\/es\/wp-json\/wp\/v2\/users\/4"}],"replies":[{"embeddable":true,"href":"https:\/\/old.yellow.ai\/es\/wp-json\/wp\/v2\/comments?post=37431"}],"version-history":[{"count":1,"href":"https:\/\/old.yellow.ai\/es\/wp-json\/wp\/v2\/pages\/37431\/revisions"}],"predecessor-version":[{"id":37434,"href":"https:\/\/old.yellow.ai\/es\/wp-json\/wp\/v2\/pages\/37431\/revisions\/37434"}],"wp:attachment":[{"href":"https:\/\/old.yellow.ai\/es\/wp-json\/wp\/v2\/media?parent=37431"}],"wp:term":[{"taxonomy":"guides_categories","embeddable":true,"href":"https:\/\/old.yellow.ai\/es\/wp-json\/wp\/v2\/guides_categories?post=37431"}],"curies":[{"name":"wp","href":"https:\/\/api.w.org\/{rel}","templated":true}]}}