{"id":47504,"date":"2022-05-27T13:53:02","date_gmt":"2022-05-27T08:23:02","guid":{"rendered":"https:\/\/old.yellow.ai\/?page_id=47504"},"modified":"2023-01-16T19:10:40","modified_gmt":"2023-01-16T13:40:40","slug":"gaming-chatbot","status":"publish","type":"page","link":"https:\/\/old.yellow.ai\/es\/gaming-chatbot\/","title":{"rendered":"Gaming"},"content":{"rendered":"\n<div class=\"is-layout-flow wp-block-group sec-1\"><div class=\"wp-block-group__inner-container\">\n<div class=\"is-layout-flex wp-container-3 wp-block-columns\">\n<div class=\"is-layout-flow wp-block-column\">\n<h1><strong>Juegue como los campeones<\/strong><br>con la IA conversacional<\/h1>\n\n\n\n<p>Cree una experiencia de juego envolvente con chat de IA y\u00a0<a href=\"https:\/\/old.yellow.ai\/es\/automatizacion-de-voz\/\">bots de voz<\/a>\u00a0para automatizar la atenci\u00f3n al cliente, acelerar el tiempo de resoluci\u00f3n, ayudar a los desarrolladores a centrarse en tareas cr\u00edticas y reducir considerablemente los costos de soporte.<\/p>\n\n\n\n<div class=\"is-layout-flex wp-block-buttons\">\n<div class=\"wp-block-button\"><a class=\"wp-block-button__link wp-element-button\" href=\"https:\/\/old.yellow.ai\/es\/solicite-demostracion\/\">Solicite una demostraci\u00f3n<\/a><\/div>\n<\/div>\n<\/div>\n<\/div>\n<\/div><\/div>\n\n\n\n<section class=\"is-layout-flow wp-block-group sec-2\"><div class=\"wp-block-group__inner-container\">\n<figure class=\"is-layout-flex wp-block-gallery-5 wp-block-gallery has-nested-images columns-4 is-cropped industry-gallery\">\n<figure class=\"wp-block-image size-large\"><img decoding=\"async\" loading=\"lazy\" width=\"126\" height=\"41\" src=\"https:\/\/old.yellow.ai\/wp-content\/uploads\/2022\/06\/mpl.svg\" alt=\"\" class=\"wp-image-27678\"\/><\/figure>\n\n\n\n<figure class=\"wp-block-image size-large\"><img decoding=\"async\" loading=\"lazy\" width=\"155\" height=\"60\" src=\"https:\/\/old.yellow.ai\/wp-content\/uploads\/2022\/06\/Winzo.svg\" alt=\"\" class=\"wp-image-27681\"\/><\/figure>\n\n\n\n<figure class=\"wp-block-image size-large\"><img decoding=\"async\" loading=\"lazy\" width=\"141\" height=\"78\" src=\"https:\/\/old.yellow.ai\/wp-content\/uploads\/2022\/06\/Pacific.svg\" alt=\"\" class=\"wp-image-27680\"\/><\/figure>\n<\/figure>\n<\/div><\/section>\n\n\n\t<div id=\"yellow-counter-block_317f530a41a71a15bfec20f7b826ef55\" class=\"yellow-counter template_2\">\r\n\t\t<!---->\r\n\t\t\t\t\t<div class=\"counter-sec\">\r\n\t\t\t\t<div class=\"wrap\">\r\n\t\t\t\t\t<div class=\"counter-sec-inner\">\r\n\t\t\t\t\t\t\t\t\t\t\t\t<div class=\"counter-sec-content-main\">\r\n\t\t\t\t\t\t\t\t\t\t\t\t\t\t\t<div class=\"counter-sec-content\" style=\"background-color:;\">\r\n\t\t\t\t\t\t\t\t\t\t\t\t\t\t\t\t\t\t\t\t<div class=\"counter-sec-counters\">\r\n\t\t\t\t\t\t\t\t\t\t\t\t<span>\r\n\t\t\t\t\t\t\t\t\t\t\t\t\t\t\t\t\t\t\t\t\t\t\t\t<\/span>\r\n\t\t\t\t\t\t\t\t\t\t\t\t\t\t\t\t\t\t\t\t\t\t\t\t\t\t<p class=\"count\" data-count=\"70\">\r\n\t\t\t\t\t\t\t\t\t\t\t\t\t\t\t0\r\n\t\t\t\t\t\t\t\t\t\t\t\t\t\t<\/p>\r\n\t\t\t\t\t\t\t\t\t\t\t\t\t\t\t\t\t\t\t\t\t\t\t\t\t<span>\r\n\t\t\t\t\t\t\t\t\t\t\t\t%\t\t\t\t\t\t\t\t\t\t\t\t<\/span>\r\n\t\t\t\t\t\t\t\t\t\t\t<\/div>\r\n\t\t\t\t\t\t\t\t\t\t\t<div class=\"counter-sec-border-below\" style=\"background-color:;\">\r\n\t\t\t\t\t\t\t\t\t\t\t<\/div>\r\n\t\t\t\t\t\t\t\t\t\t\t<div class=\"counter-sec-p\">\r\n\t\t\t\t\t\t\t\t\t\t\t<p>de autoservicio de consultas, dentro del juego<\/p>\n\t\t\t\t\t\t\t\t\t\t\t<\/div>\r\n\t\t\t\t\t\t\t\t\t\t\t\t\t\t\t\t\t<\/div>\r\n\t\t\t\t\t\t\t\t\t\t\t\t\t\t\t<div class=\"counter-sec-content\" style=\"background-color:;\">\r\n\t\t\t\t\t\t\t\t\t\t\t\t\t\t\t\t\t\t\t\t<div class=\"counter-sec-counters\">\r\n\t\t\t\t\t\t\t\t\t\t\t\t<span>\r\n\t\t\t\t\t\t\t\t\t\t\t\t\t\t\t\t\t\t\t\t\t\t\t\t<\/span>\r\n\t\t\t\t\t\t\t\t\t\t\t\t\t\t\t\t\t\t\t\t\t\t\t\t\t\t<p class=\"count\" data-count=\"24\">\r\n\t\t\t\t\t\t\t\t\t\t\t\t\t\t\t0\r\n\t\t\t\t\t\t\t\t\t\t\t\t\t\t<\/p>\r\n\t\t\t\t\t\t\t\t\t\t\t\t\t\t\t\t\t\t\t\t\t\t\t\t\t<span>\r\n\t\t\t\t\t\t\t\t\t\t\t\t\/7\t\t\t\t\t\t\t\t\t\t\t\t<\/span>\r\n\t\t\t\t\t\t\t\t\t\t\t<\/div>\r\n\t\t\t\t\t\t\t\t\t\t\t<div class=\"counter-sec-border-below\" style=\"background-color:;\">\r\n\t\t\t\t\t\t\t\t\t\t\t<\/div>\r\n\t\t\t\t\t\t\t\t\t\t\t<div class=\"counter-sec-p\">\r\n\t\t\t\t\t\t\t\t\t\t\t<p>soporte al cliente en tiempo real en sus juegos<\/p>\n\t\t\t\t\t\t\t\t\t\t\t<\/div>\r\n\t\t\t\t\t\t\t\t\t\t\t\t\t\t\t\t\t<\/div>\r\n\t\t\t\t\t\t\t\t\t\t\t\t\t\t\t<div class=\"counter-sec-content\" style=\"background-color:;\">\r\n\t\t\t\t\t\t\t\t\t\t\t\t\t\t\t\t\t\t\t\t<div class=\"counter-sec-counters\">\r\n\t\t\t\t\t\t\t\t\t\t\t\t<span>\r\n\t\t\t\t\t\t\t\t\t\t\t\t~\t\t\t\t\t\t\t\t\t\t\t\t<\/span>\r\n\t\t\t\t\t\t\t\t\t\t\t\t\t\t\t\t\t\t\t\t\t\t\t\t\t\t<p class=\"count\" data-count=\"50\">\r\n\t\t\t\t\t\t\t\t\t\t\t\t\t\t\t0\r\n\t\t\t\t\t\t\t\t\t\t\t\t\t\t<\/p>\r\n\t\t\t\t\t\t\t\t\t\t\t\t\t\t\t\t\t\t\t\t\t\t\t\t\t<span>\r\n\t\t\t\t\t\t\t\t\t\t\t\t%\t\t\t\t\t\t\t\t\t\t\t\t<\/span>\r\n\t\t\t\t\t\t\t\t\t\t\t<\/div>\r\n\t\t\t\t\t\t\t\t\t\t\t<div class=\"counter-sec-border-below\" style=\"background-color:;\">\r\n\t\t\t\t\t\t\t\t\t\t\t<\/div>\r\n\t\t\t\t\t\t\t\t\t\t\t<div class=\"counter-sec-p\">\r\n\t\t\t\t\t\t\t\t\t\t\t<p>de aumento de la automatizaci\u00f3n de pruebas de juegos<\/p>\n\t\t\t\t\t\t\t\t\t\t\t<\/div>\r\n\t\t\t\t\t\t\t\t\t\t\t\t\t\t\t\t\t<\/div>\r\n\t\t\t\t\t\t\t\t\t\t\t\t\t\t\t<div class=\"counter-sec-content\" style=\"background-color:;\">\r\n\t\t\t\t\t\t\t\t\t\t\t\t\t\t\t\t\t\t\t\t<div class=\"counter-sec-counters\">\r\n\t\t\t\t\t\t\t\t\t\t\t\t<span>\r\n\t\t\t\t\t\t\t\t\t\t\t\t\t\t\t\t\t\t\t\t\t\t\t\t<\/span>\r\n\t\t\t\t\t\t\t\t\t\t\t\t\t\t\t\t\t\t\t\t\t\t\t\t\t\t<p class=\"count\" data-count=\"70\">\r\n\t\t\t\t\t\t\t\t\t\t\t\t\t\t\t0\r\n\t\t\t\t\t\t\t\t\t\t\t\t\t\t<\/p>\r\n\t\t\t\t\t\t\t\t\t\t\t\t\t\t\t\t\t\t\t\t\t\t\t\t\t<span>\r\n\t\t\t\t\t\t\t\t\t\t\t\t%\t\t\t\t\t\t\t\t\t\t\t\t<\/span>\r\n\t\t\t\t\t\t\t\t\t\t\t<\/div>\r\n\t\t\t\t\t\t\t\t\t\t\t<div class=\"counter-sec-border-below\" style=\"background-color:;\">\r\n\t\t\t\t\t\t\t\t\t\t\t<\/div>\r\n\t\t\t\t\t\t\t\t\t\t\t<div class=\"counter-sec-p\">\r\n\t\t\t\t\t\t\t\t\t\t\t<p>m\u00e1s rapidez que las pruebas manuales<\/p>\n\t\t\t\t\t\t\t\t\t\t\t<\/div>\r\n\t\t\t\t\t\t\t\t\t\t\t\t\t\t\t\t\t<\/div>\r\n\t\t\t\t\t\t\t\t\t\t\t\t\t<\/div>\r\n\t\t\t\t\t<\/div>\r\n\t\t\t\t<\/div>\r\n\t\t\t<\/div>\r\n\t\t\t\t<!---->\r\n\t<\/div>\r\n\t\n\n\n<div class=\"is-layout-flow wp-block-group sec-3\"><div class=\"wp-block-group__inner-container\">\n<h2>Haga que los juegos sean&nbsp;<strong>m\u00e1s divertidos para sus<br>clientes<\/strong><\/h2>\n\n\n\n<div class=\"is-layout-flex wp-container-11 wp-block-columns coll\">\n<div class=\"is-layout-flow wp-block-column coll-1\">\n<figure class=\"wp-block-image size-large\"><img decoding=\"async\" loading=\"lazy\" width=\"468\" height=\"359\" src=\"https:\/\/old.yellow.ai\/wp-content\/uploads\/2022\/06\/gaming-experience.svg\" alt=\"\" class=\"wp-image-27697\"\/><\/figure>\n<\/div>\n\n\n\n<div class=\"is-layout-flow wp-block-column coll-2\">\n<p>Los asistentes&nbsp;<a href=\"https:\/\/blog.yellow.ai\/resources\/articles\/voice-enabled-intelligent-virtual-assistant-the-future-of-chatbots\/\">virtuales inteligentes&nbsp;<\/a>de yellow.ai le permiten satisfacer las crecientes demandas y expectativas de los jugadores y desarrolladores mediante la recopilaci\u00f3n de informaci\u00f3n en tiempo real para mejorar el juego, aumentar las ventas a los jugadores adecuados en m\u00e1s de 100 idiomas, crear contenido con mayuor rapidez al asumir tareas repetitivas y proporcionando sin problemas soporte durante el juego, lo que permite una experiencia m\u00e1s din\u00e1mica e inmersiva.<\/p>\n\n\n\n<div class=\"is-layout-flex wp-block-buttons\">\n<div class=\"wp-block-button\"><a class=\"wp-block-button__link wp-element-button\" href=\"https:\/\/old.yellow.ai\/es\/solicite-demostracion\/\">Solicite una demostraci\u00f3n<\/a><\/div>\n<\/div>\n<\/div>\n<\/div>\n<\/div><\/div>\n\n\n\n<div class=\"is-layout-flow wp-block-group sec-4\"><div class=\"wp-block-group__inner-container\">\n<h2>Experiencia espec\u00edfica&nbsp;<strong>de dominio<\/strong>&nbsp;preestablecida<\/h2>\n<\/div><\/div>\n\n\n\n<section class=\"is-layout-flow wp-block-group sec-5\"><div class=\"wp-block-group__inner-container\">\n<h2>Integraciones con&nbsp;<strong>servicios populares<\/strong><\/h2>\n\n\n  <div id=\"yellow-hover-box-block_e72db280c6496113f6f857d6d89df9b4\" class=\"yellow-hover-box industry-hoverable-box\">\r\n            <div class=\"single\">\r\n          <div class=\"img-div\" ;>\r\n            <img width=\"300\" height=\"208\" src=\"https:\/\/old.yellow.ai\/wp-content\/uploads\/2022\/06\/salesforce.svg\" class=\"attachment-medium size-medium\" alt=\"\" decoding=\"async\" loading=\"lazy\" \/>          <\/div>\r\n          <div class=\"content\"><p>Salesforce<\/p>\n<\/div>\r\n        <\/div>\r\n                <div class=\"single\">\r\n          <div class=\"img-div\" ;>\r\n            <img width=\"1\" height=\"1\" src=\"https:\/\/old.yellow.ai\/wp-content\/uploads\/2022\/06\/freshdesk.svg\" class=\"attachment-medium size-medium\" alt=\"\" decoding=\"async\" loading=\"lazy\" \/>          <\/div>\r\n          <div class=\"content\"><p>Freshdesk<\/p>\n<\/div>\r\n        <\/div>\r\n                <div class=\"single\">\r\n          <div class=\"img-div\" ;>\r\n            <img width=\"1\" height=\"1\" src=\"https:\/\/old.yellow.ai\/wp-content\/uploads\/2022\/06\/zoho.svg\" class=\"attachment-medium size-medium\" alt=\"\" decoding=\"async\" loading=\"lazy\" \/>          <\/div>\r\n          <div class=\"content\"><p>Zoho<\/p>\n<\/div>\r\n        <\/div>\r\n                <div class=\"single\">\r\n          <div class=\"img-div\" ;>\r\n            <img width=\"300\" height=\"87\" src=\"https:\/\/old.yellow.ai\/wp-content\/uploads\/2022\/03\/avaya-logo.svg\" class=\"attachment-medium size-medium\" alt=\"\" decoding=\"async\" loading=\"lazy\" \/>          <\/div>\r\n          <div class=\"content\"><p>Avaya<\/p>\n<\/div>\r\n        <\/div>\r\n                <div class=\"single\">\r\n          <div class=\"img-div\" ;>\r\n            <img width=\"1\" height=\"1\" src=\"https:\/\/old.yellow.ai\/wp-content\/uploads\/2022\/06\/cisco.svg\" class=\"attachment-medium size-medium\" alt=\"\" decoding=\"async\" loading=\"lazy\" \/>          <\/div>\r\n          <div class=\"content\"><p>Cisco<\/p>\n<\/div>\r\n        <\/div>\r\n          <\/div>\r\n  <\/div><\/section>\n\n\n\n<div class=\"is-layout-flow wp-block-group sec-6\"><div class=\"wp-block-group__inner-container\">\n<h2>Implementaci\u00f3n en m\u00e1s de&nbsp;<strong>35 canales<\/strong> de&nbsp;texto y voz<\/h2>\n\n\n  <div id=\"yellow-image-zoom-slider-block_11ede10e9be6ccc469ea664af0362099\" class=\"yellow-image-zoom-slider\">\r\n    <div class=\"wrap\">\r\n      <div class=\"slider-div\">\r\n                    <div class=\"img-div\">\r\n              <img width=\"40\" height=\"40\" src=\"https:\/\/old.yellow.ai\/wp-content\/uploads\/2022\/05\/telegram.svg\" class=\"attachment-slider-img size-slider-img\" alt=\"\" decoding=\"async\" loading=\"lazy\" \/>            <\/div>\r\n\r\n                      <div class=\"img-div\">\r\n              <img width=\"45\" height=\"45\" src=\"https:\/\/old.yellow.ai\/wp-content\/uploads\/2022\/05\/icons-viber1.svg\" class=\"attachment-slider-img size-slider-img\" alt=\"\" decoding=\"async\" loading=\"lazy\" \/>            <\/div>\r\n\r\n                      <div class=\"img-div\">\r\n              <img width=\"40\" height=\"40\" src=\"https:\/\/old.yellow.ai\/wp-content\/uploads\/2022\/05\/skype-3.svg\" class=\"attachment-slider-img size-slider-img\" alt=\"\" decoding=\"async\" loading=\"lazy\" \/>            <\/div>\r\n\r\n                      <div class=\"img-div\">\r\n              <img width=\"44\" height=\"44\" src=\"https:\/\/old.yellow.ai\/wp-content\/uploads\/2022\/05\/zoom.svg\" class=\"attachment-slider-img size-slider-img\" alt=\"\" decoding=\"async\" loading=\"lazy\" \/>            <\/div>\r\n\r\n                      <div class=\"img-div\">\r\n              <img width=\"46\" height=\"46\" src=\"https:\/\/old.yellow.ai\/wp-content\/uploads\/2022\/05\/webex-meetings.svg\" class=\"attachment-slider-img size-slider-img\" alt=\"\" decoding=\"async\" loading=\"lazy\" \/>            <\/div>\r\n\r\n                      <div class=\"img-div\">\r\n              <img width=\"40\" height=\"40\" src=\"https:\/\/old.yellow.ai\/wp-content\/uploads\/2022\/05\/slack-new-logo.svg\" class=\"attachment-slider-img size-slider-img\" alt=\"\" decoding=\"async\" loading=\"lazy\" \/>            <\/div>\r\n\r\n                      <div class=\"img-div\">\r\n              <img width=\"41\" height=\"40\" src=\"https:\/\/old.yellow.ai\/wp-content\/uploads\/2022\/05\/microsoft-teams-1.svg\" class=\"attachment-slider-img size-slider-img\" alt=\"\" decoding=\"async\" loading=\"lazy\" \/>            <\/div>\r\n\r\n                      <div class=\"img-div\">\r\n              <img width=\"60\" height=\"40\" src=\"https:\/\/old.yellow.ai\/wp-content\/uploads\/2022\/05\/twitter-6.svg\" class=\"attachment-slider-img size-slider-img\" alt=\"\" decoding=\"async\" loading=\"lazy\" \/>            <\/div>\r\n\r\n                      <div class=\"img-div\">\r\n              <img width=\"40\" height=\"40\" src=\"https:\/\/old.yellow.ai\/wp-content\/uploads\/2022\/05\/instagram-logo.svg\" class=\"attachment-slider-img size-slider-img\" alt=\"\" decoding=\"async\" loading=\"lazy\" \/>            <\/div>\r\n\r\n                      <div class=\"img-div\">\r\n              <img width=\"40\" height=\"40\" src=\"https:\/\/old.yellow.ai\/wp-content\/uploads\/2022\/05\/line-logo.svg\" class=\"attachment-slider-img size-slider-img\" alt=\"\" decoding=\"async\" loading=\"lazy\" \/>            <\/div>\r\n\r\n                      <div class=\"img-div\">\r\n              <img width=\"43\" height=\"40\" src=\"https:\/\/old.yellow.ai\/wp-content\/uploads\/2022\/05\/zalo-logo.svg\" class=\"attachment-slider-img size-slider-img\" alt=\"\" decoding=\"async\" loading=\"lazy\" \/>            <\/div>\r\n\r\n                      <div class=\"img-div\">\r\n              <img width=\"35\" height=\"40\" src=\"https:\/\/old.yellow.ai\/wp-content\/uploads\/2022\/05\/hangout-2.svg\" class=\"attachment-slider-img size-slider-img\" alt=\"\" decoding=\"async\" loading=\"lazy\" \/>            <\/div>\r\n\r\n                      <div class=\"img-div\">\r\n              <img width=\"35\" height=\"40\" src=\"https:\/\/old.yellow.ai\/wp-content\/uploads\/2022\/05\/google-play2.svg\" class=\"attachment-slider-img size-slider-img\" alt=\"\" decoding=\"async\" loading=\"lazy\" \/>            <\/div>\r\n\r\n                      <div class=\"img-div\">\r\n              <img width=\"40\" height=\"40\" src=\"https:\/\/old.yellow.ai\/wp-content\/uploads\/2022\/05\/kakao-talk.svg\" class=\"attachment-slider-img size-slider-img\" alt=\"\" decoding=\"async\" loading=\"lazy\" \/>            <\/div>\r\n\r\n                      <div class=\"img-div\">\r\n              <img width=\"40\" height=\"40\" src=\"https:\/\/old.yellow.ai\/wp-content\/uploads\/2022\/05\/facebook-2.svg\" class=\"attachment-slider-img size-slider-img\" alt=\"\" decoding=\"async\" loading=\"lazy\" \/>            <\/div>\r\n\r\n                      <div class=\"img-div\">\r\n              <img width=\"40\" height=\"40\" src=\"https:\/\/old.yellow.ai\/wp-content\/uploads\/2022\/05\/smartphone.svg\" class=\"attachment-slider-img size-slider-img\" alt=\"\" decoding=\"async\" loading=\"lazy\" \/>            <\/div>\r\n\r\n                      <div class=\"img-div\">\r\n              <img width=\"40\" height=\"40\" src=\"https:\/\/old.yellow.ai\/wp-content\/uploads\/2022\/05\/code.svg\" class=\"attachment-slider-img size-slider-img\" alt=\"\" decoding=\"async\" loading=\"lazy\" \/>            <\/div>\r\n\r\n                      <div class=\"img-div\">\r\n              <img width=\"40\" height=\"40\" src=\"https:\/\/old.yellow.ai\/wp-content\/uploads\/2022\/05\/chat2.svg\" class=\"attachment-slider-img size-slider-img\" alt=\"\" decoding=\"async\" loading=\"lazy\" \/>            <\/div>\r\n\r\n                <\/div>\r\n    <\/div>\r\n  <\/div>\r\n  <\/div><\/div>\n\n\n\n<div class=\"is-layout-flow wp-block-group sec-7\"><div class=\"wp-block-group__inner-container\">\n<h2><strong>Juegos inmersivos e intuitivos<\/strong><br>habilitados por un robusto motor de PLN<\/h2>\n\n\n\n<div class=\"is-layout-flex wp-container-19 wp-block-columns coll mb50\">\n<div class=\"is-layout-flow wp-block-column coll-inner coll-1\">\n<figure class=\"wp-block-image size-large\"><img decoding=\"async\" loading=\"lazy\" width=\"37\" height=\"36\" src=\"https:\/\/old.yellow.ai\/wp-content\/uploads\/2022\/06\/self-service.svg\" alt=\"\" class=\"wp-image-27554\"\/><\/figure>\n\n\n\n<h3>Soporte dentro del juego<\/h3>\n\n\n\n<p>Ofrezca atenci\u00f3n al cliente en tiempo real las 24 horas del d\u00eda, los 7 d\u00edas de la semana<\/p>\n<\/div>\n\n\n\n<div class=\"is-layout-flow wp-block-column coll-inner coll-2\">\n<figure class=\"wp-block-image size-large\"><img decoding=\"async\" loading=\"lazy\" width=\"30\" height=\"32\" src=\"https:\/\/old.yellow.ai\/wp-content\/uploads\/2022\/06\/notification.svg\" alt=\"\" class=\"wp-image-27569\"\/><\/figure>\n\n\n\n<h3>Participaci\u00f3n 10 veces mayor<\/h3>\n\n\n\n<p>Mejore o modifique el juego, responda preguntas frecuentes y resuelva puntos problem\u00e1ticos autom\u00e1ticamente mediante chatbots que aprenden de cada juego<\/p>\n<\/div>\n\n\n\n<div class=\"is-layout-flow wp-block-column coll-inner coll-3\">\n<figure class=\"wp-block-image size-large\"><img decoding=\"async\" loading=\"lazy\" width=\"30\" height=\"27\" src=\"https:\/\/old.yellow.ai\/wp-content\/uploads\/2022\/06\/payment.svg\" alt=\"\" class=\"wp-image-27576\"\/><\/figure>\n\n\n\n<h3>Habilite pagos<\/h3>\n\n\n\n<p>Efect\u00fae ventas dirigidas al jugador adecuado y enc\u00e1rguese de las transacciones de principio a fin. Comience a monetizar su juego de forma inteligente<\/p>\n<\/div>\n<\/div>\n\n\n\n<div class=\"is-layout-flex wp-container-23 wp-block-columns coll mb50\">\n<div class=\"is-layout-flow wp-block-column coll-inner coll-1\">\n<figure class=\"wp-block-image size-large\"><img decoding=\"async\" loading=\"lazy\" width=\"32\" height=\"38\" src=\"https:\/\/old.yellow.ai\/wp-content\/uploads\/2022\/06\/store.svg\" alt=\"\" class=\"wp-image-27592\"\/><\/figure>\n\n\n\n<h3>Anal\u00edtica potente<\/h3>\n\n\n\n<p>Re\u00fana informaci\u00f3n de las conversaciones y recopile datos para mejorar la calidad de su juego y la experiencia del usuario<\/p>\n<\/div>\n\n\n\n<div class=\"is-layout-flow wp-block-column coll-inner coll-2\">\n<figure class=\"wp-block-image size-large\"><img decoding=\"async\" loading=\"lazy\" width=\"39\" height=\"34\" src=\"https:\/\/old.yellow.ai\/wp-content\/uploads\/2022\/06\/retarget.svg\" alt=\"\" class=\"wp-image-27583\"\/><\/figure>\n\n\n\n<h3>Desarrollo y pruebas automatizados<\/h3>\n\n\n\n<p>Permita que sus desarrolladores se centren en las pruebas cr\u00edticas mientras nuestros chatbots se encargan de las tareas repetitivas<\/p>\n<\/div>\n\n\n\n<div class=\"is-layout-flow wp-block-column coll-inner coll-3\">\n<figure class=\"wp-block-image size-large\"><img decoding=\"async\" loading=\"lazy\" width=\"35\" height=\"37\" src=\"https:\/\/old.yellow.ai\/wp-content\/uploads\/2022\/06\/multilingual-1.svg\" alt=\"\" class=\"wp-image-27643\"\/><\/figure>\n\n\n\n<h3>Juegos verdaderamente globales<\/h3>\n\n\n\n<p>Entrene chatbots de soporte en 1 idioma e implem\u00e9ntelos en m\u00e1s de 100 idiomas, en canales de texto y voz<\/p>\n<\/div>\n<\/div>\n\n\n\n<div class=\"is-layout-flex wp-container-27 wp-block-columns coll mb50\">\n<div class=\"is-layout-flow wp-block-column coll-inner coll-1\"><\/div>\n\n\n\n<div class=\"is-layout-flow wp-block-column coll-inner coll-3\" style=\"flex-basis:80%\">\n<h3 class=\"coll-p-special\">\u00a1Lleve la experiencia de juego<br>al&nbsp;<strong>siguiente nivel!<\/strong><\/h3>\n<\/div>\n\n\n\n<div class=\"is-layout-flow wp-block-column coll-inner coll-1\"><\/div>\n<\/div>\n<\/div><\/div>\n","protected":false},"excerpt":{"rendered":"<p>Juegue como los campeonescon la IA conversacional Cree una experiencia de juego envolvente con chat de IA y\u00a0bots de voz\u00a0para automatizar la atenci\u00f3n al cliente, acelerar el tiempo de resoluci\u00f3n, ayudar a los desarrolladores a centrarse en tareas cr\u00edticas y reducir considerablemente los costos de soporte. Haga que los juegos sean&nbsp;m\u00e1s divertidos para susclientes Los [&hellip;]<\/p>\n","protected":false},"author":1,"featured_media":0,"parent":0,"menu_order":0,"comment_status":"closed","ping_status":"closed","template":"","meta":{"advgb_blocks_editor_width":"","advgb_blocks_columns_visual_guide":"","inline_featured_image":false},"guides_categories":[],"acf":[],"yoast_head":"<!-- This site is optimized with the Yoast SEO plugin v20.2.1 - https:\/\/yoast.com\/wordpress\/plugins\/seo\/ -->\n<title>Gaming - Yellow.ai<\/title>\n<meta name=\"robots\" content=\"noindex, follow, max-snippet:-1, max-image-preview:large, max-video-preview:-1\" \/>\n<meta property=\"og:locale\" content=\"es_ES\" \/>\n<meta property=\"og:type\" content=\"article\" \/>\n<meta property=\"og:title\" content=\"Gaming - Yellow.ai\" \/>\n<meta property=\"og:description\" content=\"Juegue como los campeonescon la IA conversacional Cree una experiencia de juego envolvente con chat de IA y\u00a0bots de voz\u00a0para automatizar la atenci\u00f3n al cliente, acelerar el tiempo de resoluci\u00f3n, ayudar a los desarrolladores a centrarse en tareas cr\u00edticas y reducir considerablemente los costos de soporte. Haga que los juegos sean&nbsp;m\u00e1s divertidos para susclientes Los [&hellip;]\" \/>\n<meta property=\"og:url\" content=\"https:\/\/old.yellow.ai\/es\/gaming-chatbot\/\" \/>\n<meta property=\"og:site_name\" content=\"Yellow.ai\" \/>\n<meta property=\"article:modified_time\" content=\"2023-01-16T13:40:40+00:00\" \/>\n<meta property=\"og:image\" content=\"https:\/\/yellow.ai\/wp-content\/uploads\/2022\/06\/mpl.svg\" \/>\n<meta name=\"twitter:card\" content=\"summary_large_image\" \/>\n<meta name=\"twitter:label1\" content=\"Est. reading time\" \/>\n\t<meta name=\"twitter:data1\" content=\"4 minutos\" \/>\n<script type=\"application\/ld+json\" class=\"yoast-schema-graph\">{\"@context\":\"https:\/\/schema.org\",\"@graph\":[{\"@type\":\"WebPage\",\"@id\":\"https:\/\/old.yellow.ai\/es\/gaming-chatbot\/\",\"url\":\"https:\/\/old.yellow.ai\/es\/gaming-chatbot\/\",\"name\":\"Gaming - Yellow.ai\",\"isPartOf\":{\"@id\":\"https:\/\/old.yellow.ai\/es\/#website\"},\"datePublished\":\"2022-05-27T08:23:02+00:00\",\"dateModified\":\"2023-01-16T13:40:40+00:00\",\"breadcrumb\":{\"@id\":\"https:\/\/old.yellow.ai\/es\/gaming-chatbot\/#breadcrumb\"},\"inLanguage\":\"es\",\"potentialAction\":[{\"@type\":\"ReadAction\",\"target\":[\"https:\/\/old.yellow.ai\/es\/gaming-chatbot\/\"]}]},{\"@type\":\"BreadcrumbList\",\"@id\":\"https:\/\/old.yellow.ai\/es\/gaming-chatbot\/#breadcrumb\",\"itemListElement\":[{\"@type\":\"ListItem\",\"position\":1,\"name\":\"Home\",\"item\":\"https:\/\/yellow.ai\/es\/\"},{\"@type\":\"ListItem\",\"position\":2,\"name\":\"Gaming\"}]},{\"@type\":\"WebSite\",\"@id\":\"https:\/\/old.yellow.ai\/es\/#website\",\"url\":\"https:\/\/old.yellow.ai\/es\/\",\"name\":\"Yellow.ai\",\"description\":\"\",\"potentialAction\":[{\"@type\":\"SearchAction\",\"target\":{\"@type\":\"EntryPoint\",\"urlTemplate\":\"https:\/\/old.yellow.ai\/es\/?s={search_term_string}\"},\"query-input\":\"required name=search_term_string\"}],\"inLanguage\":\"es\"}]}<\/script>\n<!-- \/ Yoast SEO plugin. -->","yoast_head_json":{"title":"Gaming - Yellow.ai","robots":{"index":"noindex","follow":"follow","max-snippet":"max-snippet:-1","max-image-preview":"max-image-preview:large","max-video-preview":"max-video-preview:-1"},"og_locale":"es_ES","og_type":"article","og_title":"Gaming - Yellow.ai","og_description":"Juegue como los campeonescon la IA conversacional Cree una experiencia de juego envolvente con chat de IA y\u00a0bots de voz\u00a0para automatizar la atenci\u00f3n al cliente, acelerar el tiempo de resoluci\u00f3n, ayudar a los desarrolladores a centrarse en tareas cr\u00edticas y reducir considerablemente los costos de soporte. Haga que los juegos sean&nbsp;m\u00e1s divertidos para susclientes Los [&hellip;]","og_url":"https:\/\/old.yellow.ai\/es\/gaming-chatbot\/","og_site_name":"Yellow.ai","article_modified_time":"2023-01-16T13:40:40+00:00","og_image":[{"url":"https:\/\/yellow.ai\/wp-content\/uploads\/2022\/06\/mpl.svg"}],"twitter_card":"summary_large_image","twitter_misc":{"Est. reading time":"4 minutos"},"schema":{"@context":"https:\/\/schema.org","@graph":[{"@type":"WebPage","@id":"https:\/\/old.yellow.ai\/es\/gaming-chatbot\/","url":"https:\/\/old.yellow.ai\/es\/gaming-chatbot\/","name":"Gaming - Yellow.ai","isPartOf":{"@id":"https:\/\/old.yellow.ai\/es\/#website"},"datePublished":"2022-05-27T08:23:02+00:00","dateModified":"2023-01-16T13:40:40+00:00","breadcrumb":{"@id":"https:\/\/old.yellow.ai\/es\/gaming-chatbot\/#breadcrumb"},"inLanguage":"es","potentialAction":[{"@type":"ReadAction","target":["https:\/\/old.yellow.ai\/es\/gaming-chatbot\/"]}]},{"@type":"BreadcrumbList","@id":"https:\/\/old.yellow.ai\/es\/gaming-chatbot\/#breadcrumb","itemListElement":[{"@type":"ListItem","position":1,"name":"Home","item":"https:\/\/yellow.ai\/es\/"},{"@type":"ListItem","position":2,"name":"Gaming"}]},{"@type":"WebSite","@id":"https:\/\/old.yellow.ai\/es\/#website","url":"https:\/\/old.yellow.ai\/es\/","name":"Yellow.ai","description":"","potentialAction":[{"@type":"SearchAction","target":{"@type":"EntryPoint","urlTemplate":"https:\/\/old.yellow.ai\/es\/?s={search_term_string}"},"query-input":"required name=search_term_string"}],"inLanguage":"es"}]}},"coauthors":[],"author_meta":{"author_link":"https:\/\/old.yellow.ai\/es\/author\/admin-yellow\/","display_name":"Matsio"},"relative_dates":{"created":"Publicado 4 a\u00f1os hace","modified":"Actualizado 3 a\u00f1os hace"},"absolute_dates":{"created":"Publicado el mayo 27, 2022","modified":"Actualizado el enero 16, 2023"},"absolute_dates_time":{"created":"Publicado el mayo 27, 2022 1:53 pm","modified":"Actualizado el enero 16, 2023 7:10 pm"},"featured_img_caption":"","featured_img":false,"series_order":"","_links":{"self":[{"href":"https:\/\/old.yellow.ai\/es\/wp-json\/wp\/v2\/pages\/47504"}],"collection":[{"href":"https:\/\/old.yellow.ai\/es\/wp-json\/wp\/v2\/pages"}],"about":[{"href":"https:\/\/old.yellow.ai\/es\/wp-json\/wp\/v2\/types\/page"}],"author":[{"embeddable":true,"href":"https:\/\/old.yellow.ai\/es\/wp-json\/wp\/v2\/users\/1"}],"replies":[{"embeddable":true,"href":"https:\/\/old.yellow.ai\/es\/wp-json\/wp\/v2\/comments?post=47504"}],"version-history":[{"count":4,"href":"https:\/\/old.yellow.ai\/es\/wp-json\/wp\/v2\/pages\/47504\/revisions"}],"predecessor-version":[{"id":75458,"href":"https:\/\/old.yellow.ai\/es\/wp-json\/wp\/v2\/pages\/47504\/revisions\/75458"}],"wp:attachment":[{"href":"https:\/\/old.yellow.ai\/es\/wp-json\/wp\/v2\/media?parent=47504"}],"wp:term":[{"taxonomy":"guides_categories","embeddable":true,"href":"https:\/\/old.yellow.ai\/es\/wp-json\/wp\/v2\/guides_categories?post=47504"}],"curies":[{"name":"wp","href":"https:\/\/api.w.org\/{rel}","templated":true}]}}