{"id":29453,"date":"2022-06-23T16:41:08","date_gmt":"2022-06-23T11:11:08","guid":{"rendered":"https:\/\/old.yellow.ai\/request-demo\/"},"modified":"2022-11-29T18:21:10","modified_gmt":"2022-11-29T12:51:10","slug":"solicitar-demonstracao","status":"publish","type":"page","link":"https:\/\/old.yellow.ai\/pt-br\/solicitar-demonstracao\/","title":{"rendered":"Request Demo"},"content":{"rendered":"\n<section class=\"is-layout-flow wp-block-group sec-1\"><div class=\"wp-block-group__inner-container\">\n<div class=\"is-layout-flex wp-container-4 wp-block-columns are-vertically-aligned-center\">\n<div class=\"is-layout-flow wp-block-column is-vertically-aligned-center\">\n<h2>Conecte-se conosco para fornecer um&nbsp;<strong>CX completo<\/strong>&nbsp;aos seus clientes.<\/h2>\n\n\n\n<figure class=\"wp-block-embed is-type-video is-provider-youtube wp-block-embed-youtube wp-embed-aspect-16-9 wp-has-aspect-ratio\"><div class=\"wp-block-embed__wrapper\">\n<iframe loading=\"lazy\" title=\"Yellow.ai Platform Overview | Understand &amp; Automate Total Experience with Yellow.ai\" width=\"500\" height=\"281\" src=\"https:\/\/www.youtube.com\/embed\/w80U82cU0l0?feature=oembed\" frameborder=\"0\" allow=\"accelerometer; autoplay; clipboard-write; encrypted-media; gyroscope; picture-in-picture; web-share\" allowfullscreen><\/iframe>\n<\/div><\/figure>\n\n\n\n<p>Descubra novos caminhos para o crescimento e melhore os endpoints existentes com nossa nuvem de conversa\u00e7\u00e3o.<\/p>\n<\/div>\n\n\n\n<div class=\"is-layout-flow wp-block-column is-vertically-aligned-center\">\n<div class=\"is-layout-flow wp-block-group request-form-wrap\"><div class=\"wp-block-group__inner-container\">\n<h2>Solicite uma demonstra\u00e7\u00e3o<\/h2>\n\n\n  <div id=\"yellow-hubspot-block_ccffd7007ae7c188d7439ec5dbae83cc\" class=\"yellow-hubspot no-lastname full\">\r\n    <div class=\"yellow-hubspot-loader\"><script charset=\"utf-8\" type=\"text\/javascript\" src=\"\/\/js.hsforms.net\/forms\/v2.js?pre=1\"><\/script><script>\r\n      hbspt.forms.create({\r\n            region: \"na1\",\r\n    portalId: \"20956546\",\r\n    formId: \"60d82f22-bd7f-4b40-9893-a3a7ad1f7bb6\"\r\n\r\n      });\r\n    <\/script><script src=\"https:\/\/js.chilipiper.com\/marketing.js\" type=\"text\/javascript\"><\/script>\r\n    <script>\r\n      var cpTenantDomain = 'yellow'; \/\/ replace with your subdomain\r\n      var cpRouterName = 'inbound_router_hs_pt'; \/\/ replace with the\r\n      var cpHubspotFormIDs = ['60d82f22-bd7f-4b40-9893-a3a7ad1f7bb6']; \/\/ REPLACE with formIDs or leave empty to run on all forms\r\n      window.addEventListener('message', function (event) {\r\n        if (event.data.type === 'hsFormCallback' && event.data.eventName === 'onFormSubmit') {\r\n          if (cpHubspotFormIDs.length > 0 && !cpHubspotFormIDs.includes(event.data.id)) return;\r\n          var lead = {};\r\n          for (var key in event.data.data) {\r\n            lead[event.data.data[key].name] = event.data.data[key].value;\r\n          }\r\n          if (Object.keys(lead).length <= 1) {\r\n            lead = event.data.data;\r\n          }\r\n          ChiliPiper.submit(cpTenantDomain, cpRouterName, {\r\n            map: true,\r\n            lead: lead\r\n          });\r\n        }\r\n      });\r\n    <\/script><\/div>  <\/div>\r\n<\/div><\/div>\n<\/div>\n<\/div>\n<\/div><\/section>\n\n\n\n<section class=\"is-layout-flow wp-block-group sec-2\"><div class=\"wp-block-group__inner-container\">  <div id=\"yellow-slider-block_2d5d362e84c8bf9db0f1a9c1ed4c12be\" class=\"yellow-slider\">\r\n        \r\n        \r\n    <div class=\"slide-track\">\r\n      <div class=\"slide\"><img decoding=\"async\" width=\"3804.6857142857\" height=\"60\" src=\"https:\/\/old.yellow.ai\/wp-content\/uploads\/2022\/06\/spanish-brands.webp?v=3\" alt=\"Brands\" loading=\"lazy\" \/><\/div>\r\n      <div class=\"slide\"><img decoding=\"async\" width=\"3804.6857142857\" height=\"60\" src=\"https:\/\/old.yellow.ai\/wp-content\/uploads\/2022\/06\/spanish-brands.webp?v=3\" alt=\"Brands\" loading=\"lazy\" \/><\/div>\r\n      <div class=\"slide\"><img decoding=\"async\" width=\"3804.6857142857\" height=\"60\" src=\"https:\/\/old.yellow.ai\/wp-content\/uploads\/2022\/06\/spanish-brands.webp?v=3\" alt=\"Brands\" loading=\"lazy\" \/><\/div>\r\n    <\/div>\r\n    <div class=\"mobile-slide-track\">\r\n      <div class=\"slide\"><img decoding=\"async\" width=\"3804.6857142857\" height=\"60\" src=\"https:\/\/old.yellow.ai\/wp-content\/uploads\/2022\/06\/spanish-brands.webp?v=3\" alt=\"Brands\" loading=\"lazy\" \/><\/div>\r\n      <div class=\"slide\"><img decoding=\"async\" width=\"3804.6857142857\" height=\"60\" src=\"https:\/\/old.yellow.ai\/wp-content\/uploads\/2022\/06\/spanish-brands.webp?v=3\" alt=\"Brands\" loading=\"lazy\" \/><\/div>\r\n      <div class=\"slide\"><img decoding=\"async\" width=\"3804.6857142857\" height=\"60\" src=\"https:\/\/old.yellow.ai\/wp-content\/uploads\/2022\/06\/spanish-brands.webp?v=3\" alt=\"Brands\" loading=\"lazy\" \/><\/div>\r\n    <\/div>\r\n  <\/div>\r\n  <\/div><\/section>\n<style class=\"advgb-styles-renderer\">\r\n      @keyframes scroll-block_2d5d362e84c8bf9db0f1a9c1ed4c12be {\r\n        0% {\r\n          transform: translate(0, 0);\r\n        }\r\n        50% {\r\n          transform: translate(-5548.5px, 0);\r\n        }\r\n        100% {\r\n          transform: translate(0, 0);\r\n        }\r\n      }\r\n      #yellow-slider-block_2d5d362e84c8bf9db0f1a9c1ed4c12be .slide-track {\r\n        will-change: transform;\r\n        animation: scroll-block_2d5d362e84c8bf9db0f1a9c1ed4c12be 221.94s linear infinite;\r\n      }\r\n    \r\n      @keyframes mobile-scroll-block_2d5d362e84c8bf9db0f1a9c1ed4c12be {\r\n        0% {\r\n          transform: translate(0, 0);\r\n        }\r\n        50% {\r\n          transform: translate(-3804.6857142857px, 0);\r\n        }\r\n        100% {\r\n          transform: translate(0, 0);\r\n        }\r\n      }\r\n      #yellow-slider-block_2d5d362e84c8bf9db0f1a9c1ed4c12be .mobile-slide-track {\r\n        will-change: transform;\r\n        animation: mobile-scroll-block_2d5d362e84c8bf9db0f1a9c1ed4c12be 152.18742857143s linear infinite;\r\n      }\r\n    <\/style>","protected":false},"excerpt":{"rendered":"<p>Conecte-se conosco para fornecer um&nbsp;CX completo&nbsp;aos seus clientes. Descubra novos caminhos para o crescimento e melhore os endpoints existentes com nossa nuvem de conversa\u00e7\u00e3o. Solicite uma demonstra\u00e7\u00e3o<\/p>\n","protected":false},"author":1,"featured_media":0,"parent":0,"menu_order":0,"comment_status":"closed","ping_status":"closed","template":"","meta":{"advgb_blocks_editor_width":"","advgb_blocks_columns_visual_guide":"","inline_featured_image":false},"guides_categories":[],"acf":[],"yoast_head":"<!-- This site is optimized with the Yoast SEO plugin v20.2.1 - https:\/\/yoast.com\/wordpress\/plugins\/seo\/ -->\n<title>Request Demo - Yellow.ai<\/title>\n<meta name=\"robots\" content=\"noindex, follow, max-snippet:-1, max-image-preview:large, max-video-preview:-1\" \/>\n<meta property=\"og:locale\" content=\"pt_BR\" \/>\n<meta property=\"og:type\" content=\"article\" \/>\n<meta property=\"og:title\" content=\"Request Demo - Yellow.ai\" \/>\n<meta property=\"og:description\" content=\"Conecte-se conosco para fornecer um&nbsp;CX completo&nbsp;aos seus clientes. Descubra novos caminhos para o crescimento e melhore os endpoints existentes com nossa nuvem de conversa\u00e7\u00e3o. Solicite uma demonstra\u00e7\u00e3o\" \/>\n<meta property=\"og:url\" content=\"https:\/\/old.yellow.ai\/pt-br\/solicitar-demonstracao\/\" \/>\n<meta property=\"og:site_name\" content=\"Yellow.ai\" \/>\n<meta property=\"article:modified_time\" content=\"2022-11-29T12:51:10+00:00\" \/>\n<meta name=\"twitter:card\" content=\"summary_large_image\" \/>\n<meta name=\"twitter:label1\" content=\"Est. reading time\" \/>\n\t<meta name=\"twitter:data1\" content=\"1 minuto\" \/>\n<script type=\"application\/ld+json\" class=\"yoast-schema-graph\">{\"@context\":\"https:\/\/schema.org\",\"@graph\":[{\"@type\":\"WebPage\",\"@id\":\"https:\/\/old.yellow.ai\/pt-br\/solicitar-demonstracao\/\",\"url\":\"https:\/\/old.yellow.ai\/pt-br\/solicitar-demonstracao\/\",\"name\":\"Request Demo - Yellow.ai\",\"isPartOf\":{\"@id\":\"https:\/\/old.yellow.ai\/pt-br\/#website\"},\"datePublished\":\"2022-06-23T11:11:08+00:00\",\"dateModified\":\"2022-11-29T12:51:10+00:00\",\"breadcrumb\":{\"@id\":\"https:\/\/old.yellow.ai\/pt-br\/solicitar-demonstracao\/#breadcrumb\"},\"inLanguage\":\"pt-BR\",\"potentialAction\":[{\"@type\":\"ReadAction\",\"target\":[\"https:\/\/old.yellow.ai\/pt-br\/solicitar-demonstracao\/\"]}]},{\"@type\":\"BreadcrumbList\",\"@id\":\"https:\/\/old.yellow.ai\/pt-br\/solicitar-demonstracao\/#breadcrumb\",\"itemListElement\":[{\"@type\":\"ListItem\",\"position\":1,\"name\":\"Home\",\"item\":\"https:\/\/yellow.ai\/pt-br\/\"},{\"@type\":\"ListItem\",\"position\":2,\"name\":\"Request Demo\"}]},{\"@type\":\"WebSite\",\"@id\":\"https:\/\/old.yellow.ai\/pt-br\/#website\",\"url\":\"https:\/\/old.yellow.ai\/pt-br\/\",\"name\":\"Yellow.ai\",\"description\":\"\",\"potentialAction\":[{\"@type\":\"SearchAction\",\"target\":{\"@type\":\"EntryPoint\",\"urlTemplate\":\"https:\/\/old.yellow.ai\/pt-br\/?s={search_term_string}\"},\"query-input\":\"required name=search_term_string\"}],\"inLanguage\":\"pt-BR\"}]}<\/script>\n<!-- \/ Yoast SEO plugin. -->","yoast_head_json":{"title":"Request Demo - Yellow.ai","robots":{"index":"noindex","follow":"follow","max-snippet":"max-snippet:-1","max-image-preview":"max-image-preview:large","max-video-preview":"max-video-preview:-1"},"og_locale":"pt_BR","og_type":"article","og_title":"Request Demo - Yellow.ai","og_description":"Conecte-se conosco para fornecer um&nbsp;CX completo&nbsp;aos seus clientes. Descubra novos caminhos para o crescimento e melhore os endpoints existentes com nossa nuvem de conversa\u00e7\u00e3o. Solicite uma demonstra\u00e7\u00e3o","og_url":"https:\/\/old.yellow.ai\/pt-br\/solicitar-demonstracao\/","og_site_name":"Yellow.ai","article_modified_time":"2022-11-29T12:51:10+00:00","twitter_card":"summary_large_image","twitter_misc":{"Est. reading time":"1 minuto"},"schema":{"@context":"https:\/\/schema.org","@graph":[{"@type":"WebPage","@id":"https:\/\/old.yellow.ai\/pt-br\/solicitar-demonstracao\/","url":"https:\/\/old.yellow.ai\/pt-br\/solicitar-demonstracao\/","name":"Request Demo - Yellow.ai","isPartOf":{"@id":"https:\/\/old.yellow.ai\/pt-br\/#website"},"datePublished":"2022-06-23T11:11:08+00:00","dateModified":"2022-11-29T12:51:10+00:00","breadcrumb":{"@id":"https:\/\/old.yellow.ai\/pt-br\/solicitar-demonstracao\/#breadcrumb"},"inLanguage":"pt-BR","potentialAction":[{"@type":"ReadAction","target":["https:\/\/old.yellow.ai\/pt-br\/solicitar-demonstracao\/"]}]},{"@type":"BreadcrumbList","@id":"https:\/\/old.yellow.ai\/pt-br\/solicitar-demonstracao\/#breadcrumb","itemListElement":[{"@type":"ListItem","position":1,"name":"Home","item":"https:\/\/yellow.ai\/pt-br\/"},{"@type":"ListItem","position":2,"name":"Request Demo"}]},{"@type":"WebSite","@id":"https:\/\/old.yellow.ai\/pt-br\/#website","url":"https:\/\/old.yellow.ai\/pt-br\/","name":"Yellow.ai","description":"","potentialAction":[{"@type":"SearchAction","target":{"@type":"EntryPoint","urlTemplate":"https:\/\/old.yellow.ai\/pt-br\/?s={search_term_string}"},"query-input":"required name=search_term_string"}],"inLanguage":"pt-BR"}]}},"coauthors":[],"author_meta":{"author_link":"https:\/\/old.yellow.ai\/pt-br\/author\/admin-yellow\/","display_name":"Matsio"},"relative_dates":{"created":"Posted 4 anos ago","modified":"Updated 3 anos ago"},"absolute_dates":{"created":"Posted on junho 23, 2022","modified":"Updated on novembro 29, 2022"},"absolute_dates_time":{"created":"Posted on junho 23, 2022 4:41 pm","modified":"Updated on novembro 29, 2022 6:21 pm"},"featured_img_caption":"","featured_img":false,"series_order":"","_links":{"self":[{"href":"https:\/\/old.yellow.ai\/pt-br\/wp-json\/wp\/v2\/pages\/29453"}],"collection":[{"href":"https:\/\/old.yellow.ai\/pt-br\/wp-json\/wp\/v2\/pages"}],"about":[{"href":"https:\/\/old.yellow.ai\/pt-br\/wp-json\/wp\/v2\/types\/page"}],"author":[{"embeddable":true,"href":"https:\/\/old.yellow.ai\/pt-br\/wp-json\/wp\/v2\/users\/1"}],"replies":[{"embeddable":true,"href":"https:\/\/old.yellow.ai\/pt-br\/wp-json\/wp\/v2\/comments?post=29453"}],"version-history":[{"count":13,"href":"https:\/\/old.yellow.ai\/pt-br\/wp-json\/wp\/v2\/pages\/29453\/revisions"}],"predecessor-version":[{"id":82805,"href":"https:\/\/old.yellow.ai\/pt-br\/wp-json\/wp\/v2\/pages\/29453\/revisions\/82805"}],"wp:attachment":[{"href":"https:\/\/old.yellow.ai\/pt-br\/wp-json\/wp\/v2\/media?parent=29453"}],"wp:term":[{"taxonomy":"guides_categories","embeddable":true,"href":"https:\/\/old.yellow.ai\/pt-br\/wp-json\/wp\/v2\/guides_categories?post=29453"}],"curies":[{"name":"wp","href":"https:\/\/api.w.org\/{rel}","templated":true}]}}