{"id":30010,"date":"2022-06-13T18:20:20","date_gmt":"2022-06-13T12:50:20","guid":{"rendered":"https:\/\/old.yellow.ai\/career\/"},"modified":"2022-06-24T14:07:16","modified_gmt":"2022-06-24T08:37:16","slug":"career","status":"publish","type":"page","link":"https:\/\/old.yellow.ai\/pt-br\/career\/","title":{"rendered":"Career"},"content":{"rendered":"\n<section class=\"is-layout-flow wp-block-group sec-1\"><div class=\"wp-block-group__inner-container\">\n<h1><strong>O golpe mestre<\/strong>\u00a0que voc\u00ea<br>esperava!<\/h1>\n\n\n\n<p class=\"has-text-align-center\">Seu futuro est\u00e1 a chamar! Construa sua vida do jeito que voc\u00ea quiser! Junte-se a n\u00f3s e tome o controlo da sua carreira. \u00c9 simples, s\u00f3 ganhamos se \u201ctodos\u201d ganharem.<\/p>\n\n\n\n<div class=\"is-layout-flex wp-block-buttons\">\n<div class=\"wp-block-button\"><a class=\"wp-block-button__link\" href=\"https:\/\/jobs.lever.co\/yellowai\" target=\"_blank\" rel=\"noreferrer noopener\">Junte-se a n\u00f3s<\/a><\/div>\n<\/div>\n<\/div><\/section>\n\n\n\n<div class=\"is-layout-flow wp-block-group sec-2\"><div class=\"wp-block-group__inner-container\">\n<h2>yellow.ai \u00e9 onde voc\u00ea escreve seu<br><strong>mantra para o sucesso<\/strong><\/h2>\n\n\n\n<div class=\"is-layout-flex wp-container-5 wp-block-columns are-vertically-aligned-center coll mb30\">\n<div class=\"is-layout-flow wp-block-column is-vertically-aligned-center coll-1 order\">\n<h3>\u201cMelhor lugar para trabalhar\u201d: certificado e confirmado por nossos ex-colegas.<\/h3>\n\n\n\n<p>Certificado globalmente como um dos \u201cMelhores lugares para trabalhar\u201d, Yellow.ai \u00e9 o equil\u00edbrio perfeito entre trabalho e divers\u00e3o, onde voc\u00ea n\u00e3o s\u00f3 se destaca de acordo com suas ambi\u00e7\u00f5es, mas tamb\u00e9m se diverte muito.<\/p>\n<\/div>\n\n\n\n<div class=\"is-layout-flow wp-block-column is-vertically-aligned-center coll-2\">\n<figure class=\"wp-block-image size-large\"><img decoding=\"async\" loading=\"lazy\" width=\"604\" height=\"445\" src=\"https:\/\/old.yellow.ai\/wp-content\/uploads\/2022\/06\/great.svg\" alt=\"\" class=\"wp-image-11132\"\/><\/figure>\n<\/div>\n<\/div>\n\n\n\n<div class=\"is-layout-flex wp-container-8 wp-block-columns are-vertically-aligned-center coll mb30\">\n<div class=\"is-layout-flow wp-block-column is-vertically-aligned-center coll-2\">\n<figure class=\"wp-block-image size-large\"><img decoding=\"async\" loading=\"lazy\" width=\"540\" height=\"399\" src=\"https:\/\/old.yellow.ai\/wp-content\/uploads\/2022\/06\/empowering.svg\" alt=\"\" class=\"wp-image-11142\"\/><\/figure>\n<\/div>\n\n\n\n<div class=\"is-layout-flow wp-block-column is-vertically-aligned-center coll-1\">\n<h3>Empoderamento dos empregados: N\u00e3o \u00e9 apenas uma declara\u00e7\u00e3o. \u00c9 uma identidade fundamental para n\u00f3s.<\/h3>\n\n\n\n<p>N\u00f3s encarregamo-nos de que alcance seu potencial oferecendo liberdade e autoria m\u00e1ximas para toda a sua cria\u00e7\u00e3o e trabalho. Tamb\u00e9m celebramos todos os feitos de cada empregado, juntos, barulhentos e orgulhosos!<\/p>\n<\/div>\n<\/div>\n\n\n\n<div class=\"is-layout-flex wp-container-11 wp-block-columns are-vertically-aligned-center coll mb30\">\n<div class=\"is-layout-flow wp-block-column is-vertically-aligned-center coll-1 order\">\n<h3>Um ambiente saud\u00e1vel e de r\u00e1pido crescimento que certamente impulsionar\u00e1 sua carreira.<\/h3>\n\n\n\n<p>Queremos abrir caminho para que voc\u00ea cres\u00e7a mais r\u00e1pido e v\u00e1 mais longe do que nunca. Todos nossos esfor\u00e7os s\u00e3o estruturados para alinhar metas pessoais com as da empresa, para que voc\u00ea ganhe com mais frequ\u00eancia.<\/p>\n<\/div>\n\n\n\n<div class=\"is-layout-flow wp-block-column is-vertically-aligned-center coll-2\">\n<figure class=\"wp-block-image size-large\"><img decoding=\"async\" loading=\"lazy\" width=\"584\" height=\"402\" src=\"https:\/\/old.yellow.ai\/wp-content\/uploads\/2022\/06\/healthy.svg\" alt=\"\" class=\"wp-image-11153\"\/><\/figure>\n<\/div>\n<\/div>\n\n\n\n<div class=\"is-layout-flex wp-container-14 wp-block-columns are-vertically-aligned-center coll\">\n<div class=\"is-layout-flow wp-block-column is-vertically-aligned-center coll-2\">\n<figure class=\"wp-block-image size-large\"><img decoding=\"async\" loading=\"lazy\" width=\"604\" height=\"450\" src=\"https:\/\/old.yellow.ai\/wp-content\/uploads\/2022\/06\/total.svg\" alt=\"\" class=\"wp-image-11159\"\/><\/figure>\n<\/div>\n\n\n\n<div class=\"is-layout-flow wp-block-column is-vertically-aligned-center coll-1\">\n<h3>Pol\u00edtica total de \u201cportas abertas\u201d para escutar todas as suas necessidades, ideias e sugest\u00f5es.<\/h3>\n\n\n\n<p>Estamos aqui para ouvir todas as suas necessidades ou ideias, incluindo segurar sua m\u00e3o quando precisar de apoio. Cuidar dos nossos empregados e do bem-estar ou da sa\u00fade mental de seus entes queridos \u00e9 nossa principal prioridade e privil\u00e9gio.<\/p>\n<\/div>\n<\/div>\n<\/div><\/div>\n\n\n\n<div class=\"is-layout-flow wp-block-group sec-3\"><div class=\"wp-block-group__inner-container\">\n<h2>Estas s\u00e3o\u00a0<strong>algumas palestras casuais<\/strong><br>no escrit\u00f3rio<\/h2>\n\n\n  <div id=\"career-slider-div-block_62a8133850317\" class=\"career-slider-div\">\r\n    <div class=\"wrap\">\r\n      <div class=\"career-slider\">\r\n                    <div class=\"single-career\">\r\n              <div class=\"coll\">\r\n                <div class=\"coll-left\">\r\n                  <img decoding=\"async\" loading=\"lazy\" src=\"https:\/\/old.yellow.ai\/wp-content\/uploads\/2022\/06\/water-cooler1.svg\" alt=\"career slider images\">\r\n                <\/div>\r\n                <div class=\"coll-right\">\r\n                  <p><p>Fam\u00edlia, divers\u00e3o, trabalho&#8230; nessa ordem! A yellow.ai e nossos l\u00edderes compartilham estes valores e essa \u00e9 uma das principais raz\u00f5es que me levaram a vir aqui. Construiremos uma cultura nos Estados Unidos que celebre as vit\u00f3rias, recompense aqueles que se arriscam, permita que se cometam erros e, o mais importante, que respeite o equil\u00edbrio trabalho-vida de cada pessoa. Eu n\u00e3o poderia estar mais feliz por ter tomado essa decis\u00e3o&#8230; junte-se a n\u00f3s!<\/p>\n<\/p>\r\n                  <p class=\"coll-right-title\">Derek Risely, Vice-presidente S\u00eanior de Vendas, Am\u00e9ricas.<\/p>\r\n                <\/div>\r\n              <\/div>\r\n            <\/div>\r\n                    <div class=\"single-career\">\r\n              <div class=\"coll\">\r\n                <div class=\"coll-left\">\r\n                  <img decoding=\"async\" loading=\"lazy\" src=\"https:\/\/old.yellow.ai\/wp-content\/uploads\/2022\/06\/water-cooler2.svg\" alt=\"career slider images\">\r\n                <\/div>\r\n                <div class=\"coll-right\">\r\n                  <p><p>A yellow.ai est\u00e1 cheia de energia otimista. Pode parecer ca\u00f3tico ou avassalador, mas, na verdade, \u00e9 uma for\u00e7a que o impulsiona diariamente. As pessoas s\u00e3o profundamente motivadas, colaborativas, prestativas e amig\u00e1veis, o que cria um lugar de trabalho feliz e saud\u00e1vel. A melhor coisa para mim \u00e9 poder levar meu animal de estima\u00e7\u00e3o para o trabalho, \u00e9 uma verdadeira del\u00edcia trabalhar com nossos amigos peludos.<\/p>\n<\/p>\r\n                  <p class=\"coll-right-title\">Kruti Khandelwal &#8211; Diretor Associado de Marketing Corporativo.<\/p>\r\n                <\/div>\r\n              <\/div>\r\n            <\/div>\r\n                    <div class=\"single-career\">\r\n              <div class=\"coll\">\r\n                <div class=\"coll-left\">\r\n                  <img decoding=\"async\" loading=\"lazy\" src=\"https:\/\/old.yellow.ai\/wp-content\/uploads\/2022\/06\/water-cooler3.svg\" alt=\"career slider images\">\r\n                <\/div>\r\n                <div class=\"coll-right\">\r\n                  <p><p>A yellow.ai est\u00e1 cheia de energia otimista. Pode parecer ca\u00f3tico ou avassalador, mas, na verdade, \u00e9 uma for\u00e7a que o impulsiona diariamente. As pessoas s\u00e3o profundamente motivadas, colaborativas, prestativas e amig\u00e1veis, o que cria um lugar de trabalho feliz e saud\u00e1vel. A melhor coisa para mim \u00e9 poder levar meu animal de estima\u00e7\u00e3o para o trabalho, \u00e9 uma verdadeira del\u00edcia trabalhar com nossos amigos peludos.<\/p>\n<\/p>\r\n                  <p class=\"coll-right-title\">Aavi Mathuan, Gerente S\u00eanior de Marketing.<\/p>\r\n                <\/div>\r\n              <\/div>\r\n            <\/div>\r\n                    <div class=\"single-career\">\r\n              <div class=\"coll\">\r\n                <div class=\"coll-left\">\r\n                  <img decoding=\"async\" loading=\"lazy\" src=\"https:\/\/old.yellow.ai\/wp-content\/uploads\/2022\/06\/water-cooler4.svg\" alt=\"career slider images\">\r\n                <\/div>\r\n                <div class=\"coll-right\">\r\n                  <p><p>\u201c\u00c9 \u00f3timo trabalhar com a yellow.ai, onde posso sentir que toda a empresa adota uma abordagem centrada nas pessoas. A yellow.ai oferece um ambiente de trabalho fant\u00e1stico e \u00f3timas oportunidades para prosperar e aprender em um mercado global. A cultura centrada nas pessoas garante um equil\u00edbrio trabalho-vida, que me d\u00e1 tempo suficiente para gast\u00e1-la com meus filhos.\u201d<\/p>\n<\/p>\r\n                  <p class=\"coll-right-title\">Albert Tiong, Gerente S\u00eanior de Vendas Comerciais, Mal\u00e1sia.<\/p>\r\n                <\/div>\r\n              <\/div>\r\n            <\/div>\r\n                    <div class=\"single-career\">\r\n              <div class=\"coll\">\r\n                <div class=\"coll-left\">\r\n                  <img decoding=\"async\" loading=\"lazy\" src=\"https:\/\/old.yellow.ai\/wp-content\/uploads\/2022\/06\/water-cooler5.svg\" alt=\"career slider images\">\r\n                <\/div>\r\n                <div class=\"coll-right\">\r\n                  <p><p>Na yellow.ai, minhas ideias s\u00e3o sempre ouvidas e sempre tenho a liberdade de execut\u00e1-las. Meus colegas de equipe est\u00e3o muito animados para obter algum valor de nossas a\u00e7\u00f5es, \u00e9 mais do que dinheiro e \u00e9 sobre as experi\u00eancias do cliente e do usu\u00e1rio final que criamos. Trabalhar na yellow.ai me ajudou a chegar um passo mais perto do meu Ikigai e h\u00e1 um longo caminho a percorrer. P.S.: A cereja no bolo \u00e9 que tenho tempo suficiente para seguir minha paix\u00e3o pela fotografia.\u201d<\/p>\n<\/p>\r\n                  <p class=\"coll-right-title\">Apoorva Shrivastava, Gerente de Produtos de Crescimento, \u00cdndia.<\/p>\r\n                <\/div>\r\n              <\/div>\r\n            <\/div>\r\n                    <div class=\"single-career\">\r\n              <div class=\"coll\">\r\n                <div class=\"coll-left\">\r\n                  <img decoding=\"async\" loading=\"lazy\" src=\"https:\/\/old.yellow.ai\/wp-content\/uploads\/2022\/06\/water-cooler6.svg\" alt=\"career slider images\">\r\n                <\/div>\r\n                <div class=\"coll-right\">\r\n                  <p><p>A yellow.ai tem sido um lugar maravilhoso para trabalhar. A natureza do trabalho, as tecnologias trabalhadas e exploradas, a transpar\u00eancia na cultura de trabalho, os benef\u00edcios dos empregados provam que a yellow.ai preocupa-se realmente!<\/p>\n<\/p>\r\n                  <p class=\"coll-right-title\">Sajin Sam Mathews, Gerente de Entrega, Studio Enginering, \u00cdndia.<\/p>\r\n                <\/div>\r\n              <\/div>\r\n            <\/div>\r\n              <\/div>\r\n      <div class=\"pager-div\">\r\n        <div class=\"pager\">\r\n          <div class=\"prev\"><\/div>\r\n          <div class=\"pages\"><\/div>\r\n          <div class=\"next\"><\/div>\r\n        <\/div>\r\n      <\/div>\r\n    <\/div>\r\n  <\/div>\r\n<\/div><\/div>\n\n\n\n<div class=\"is-layout-flow wp-block-group sec-4\"><div class=\"wp-block-group__inner-container\">\n<div class=\"is-layout-flex wp-container-19 wp-block-columns are-vertically-aligned-center coll\">\n<div class=\"is-layout-flow wp-block-column is-vertically-aligned-center coll-1\">\n<h3>\u201cO mundo est\u00e1 a contar conosco para enfrentar os maiores desafios e \u00e9 nossa responsabilidade resolv\u00ea-los.\u201d<\/h3>\n<\/div>\n\n\n\n<div class=\"is-layout-flow wp-block-column is-vertically-aligned-center coll-2\">\n<figure class=\"wp-block-image size-large\"><img decoding=\"async\" loading=\"lazy\" width=\"546\" height=\"425\" src=\"https:\/\/old.yellow.ai\/wp-content\/uploads\/2022\/06\/raghu.svg\" alt=\"\" class=\"wp-image-11180\"\/><\/figure>\n<\/div>\n<\/div>\n\n\n\n<p class=\"has-text-align-center words\">Em um mundo cada vez mais pequeno, onde o impacto \u00e9 maior, cada um de n\u00f3s tem uma oportunidade \u00fanica de fazer algo significativo e deixar uma marca. Acreditamos em atrair mentes inteligentes e dar-lhes a liberdade de cometer erros baratos e r\u00e1pidos para que aprendam constantemente. Procuramos almas que acreditem que est\u00e3o aqui para moldar o mundo para torn\u00e1-lo mais simples, mais inteligente e mais sustent\u00e1vel.<\/p>\n\n\n\n<h4>Raghu Ravinutala, CEO e co-fundador da Yellow Messenger.<\/h4>\n<\/div><\/div>\n","protected":false},"excerpt":{"rendered":"<p>O golpe mestre\u00a0que voc\u00eaesperava! Seu futuro est\u00e1 a chamar! Construa sua vida do jeito que voc\u00ea quiser! Junte-se a n\u00f3s e tome o controlo da sua carreira. \u00c9 simples, s\u00f3 ganhamos se \u201ctodos\u201d ganharem. yellow.ai \u00e9 onde voc\u00ea escreve seumantra para o sucesso \u201cMelhor lugar para trabalhar\u201d: certificado e confirmado por nossos ex-colegas. Certificado globalmente [&hellip;]<\/p>\n","protected":false},"author":7,"featured_media":0,"parent":0,"menu_order":0,"comment_status":"closed","ping_status":"closed","template":"","meta":{"advgb_blocks_editor_width":"","advgb_blocks_columns_visual_guide":"","inline_featured_image":false},"guides_categories":[],"acf":[],"yoast_head":"<!-- This site is optimized with the Yoast SEO plugin v20.2.1 - https:\/\/yoast.com\/wordpress\/plugins\/seo\/ -->\n<title>Career - Yellow.ai<\/title>\n<meta name=\"robots\" content=\"noindex, follow, max-snippet:-1, max-image-preview:large, max-video-preview:-1\" \/>\n<meta property=\"og:locale\" content=\"pt_BR\" \/>\n<meta property=\"og:type\" content=\"article\" \/>\n<meta property=\"og:title\" content=\"Career - Yellow.ai\" \/>\n<meta property=\"og:description\" content=\"O golpe mestre\u00a0que voc\u00eaesperava! Seu futuro est\u00e1 a chamar! Construa sua vida do jeito que voc\u00ea quiser! Junte-se a n\u00f3s e tome o controlo da sua carreira. \u00c9 simples, s\u00f3 ganhamos se \u201ctodos\u201d ganharem. yellow.ai \u00e9 onde voc\u00ea escreve seumantra para o sucesso \u201cMelhor lugar para trabalhar\u201d: certificado e confirmado por nossos ex-colegas. Certificado globalmente [&hellip;]\" \/>\n<meta property=\"og:url\" content=\"https:\/\/old.yellow.ai\/pt-br\/career\/\" \/>\n<meta property=\"og:site_name\" content=\"Yellow.ai\" \/>\n<meta property=\"article:modified_time\" content=\"2022-06-24T08:37:16+00:00\" \/>\n<meta property=\"og:image\" content=\"https:\/\/yellow.ai\/wp-content\/uploads\/2022\/06\/great.svg\" \/>\n<meta name=\"twitter:card\" content=\"summary_large_image\" \/>\n<meta name=\"twitter:label1\" content=\"Est. reading time\" \/>\n\t<meta name=\"twitter:data1\" content=\"3 minutos\" \/>\n<script type=\"application\/ld+json\" class=\"yoast-schema-graph\">{\"@context\":\"https:\/\/schema.org\",\"@graph\":[{\"@type\":\"WebPage\",\"@id\":\"https:\/\/old.yellow.ai\/pt-br\/career\/\",\"url\":\"https:\/\/old.yellow.ai\/pt-br\/career\/\",\"name\":\"Career - Yellow.ai\",\"isPartOf\":{\"@id\":\"https:\/\/old.yellow.ai\/pt-br\/#website\"},\"datePublished\":\"2022-06-13T12:50:20+00:00\",\"dateModified\":\"2022-06-24T08:37:16+00:00\",\"breadcrumb\":{\"@id\":\"https:\/\/old.yellow.ai\/pt-br\/career\/#breadcrumb\"},\"inLanguage\":\"pt-BR\",\"potentialAction\":[{\"@type\":\"ReadAction\",\"target\":[\"https:\/\/old.yellow.ai\/pt-br\/career\/\"]}]},{\"@type\":\"BreadcrumbList\",\"@id\":\"https:\/\/old.yellow.ai\/pt-br\/career\/#breadcrumb\",\"itemListElement\":[{\"@type\":\"ListItem\",\"position\":1,\"name\":\"Home\",\"item\":\"https:\/\/yellow.ai\/pt-br\/\"},{\"@type\":\"ListItem\",\"position\":2,\"name\":\"Career\"}]},{\"@type\":\"WebSite\",\"@id\":\"https:\/\/old.yellow.ai\/pt-br\/#website\",\"url\":\"https:\/\/old.yellow.ai\/pt-br\/\",\"name\":\"Yellow.ai\",\"description\":\"\",\"potentialAction\":[{\"@type\":\"SearchAction\",\"target\":{\"@type\":\"EntryPoint\",\"urlTemplate\":\"https:\/\/old.yellow.ai\/pt-br\/?s={search_term_string}\"},\"query-input\":\"required name=search_term_string\"}],\"inLanguage\":\"pt-BR\"}]}<\/script>\n<!-- \/ Yoast SEO plugin. -->","yoast_head_json":{"title":"Career - Yellow.ai","robots":{"index":"noindex","follow":"follow","max-snippet":"max-snippet:-1","max-image-preview":"max-image-preview:large","max-video-preview":"max-video-preview:-1"},"og_locale":"pt_BR","og_type":"article","og_title":"Career - Yellow.ai","og_description":"O golpe mestre\u00a0que voc\u00eaesperava! Seu futuro est\u00e1 a chamar! Construa sua vida do jeito que voc\u00ea quiser! Junte-se a n\u00f3s e tome o controlo da sua carreira. \u00c9 simples, s\u00f3 ganhamos se \u201ctodos\u201d ganharem. yellow.ai \u00e9 onde voc\u00ea escreve seumantra para o sucesso \u201cMelhor lugar para trabalhar\u201d: certificado e confirmado por nossos ex-colegas. Certificado globalmente [&hellip;]","og_url":"https:\/\/old.yellow.ai\/pt-br\/career\/","og_site_name":"Yellow.ai","article_modified_time":"2022-06-24T08:37:16+00:00","og_image":[{"url":"https:\/\/yellow.ai\/wp-content\/uploads\/2022\/06\/great.svg"}],"twitter_card":"summary_large_image","twitter_misc":{"Est. reading time":"3 minutos"},"schema":{"@context":"https:\/\/schema.org","@graph":[{"@type":"WebPage","@id":"https:\/\/old.yellow.ai\/pt-br\/career\/","url":"https:\/\/old.yellow.ai\/pt-br\/career\/","name":"Career - Yellow.ai","isPartOf":{"@id":"https:\/\/old.yellow.ai\/pt-br\/#website"},"datePublished":"2022-06-13T12:50:20+00:00","dateModified":"2022-06-24T08:37:16+00:00","breadcrumb":{"@id":"https:\/\/old.yellow.ai\/pt-br\/career\/#breadcrumb"},"inLanguage":"pt-BR","potentialAction":[{"@type":"ReadAction","target":["https:\/\/old.yellow.ai\/pt-br\/career\/"]}]},{"@type":"BreadcrumbList","@id":"https:\/\/old.yellow.ai\/pt-br\/career\/#breadcrumb","itemListElement":[{"@type":"ListItem","position":1,"name":"Home","item":"https:\/\/yellow.ai\/pt-br\/"},{"@type":"ListItem","position":2,"name":"Career"}]},{"@type":"WebSite","@id":"https:\/\/old.yellow.ai\/pt-br\/#website","url":"https:\/\/old.yellow.ai\/pt-br\/","name":"Yellow.ai","description":"","potentialAction":[{"@type":"SearchAction","target":{"@type":"EntryPoint","urlTemplate":"https:\/\/old.yellow.ai\/pt-br\/?s={search_term_string}"},"query-input":"required name=search_term_string"}],"inLanguage":"pt-BR"}]}},"coauthors":[],"author_meta":{"author_link":"https:\/\/old.yellow.ai\/pt-br\/author\/ajmatsio-com\/","display_name":"Matsio"},"relative_dates":{"created":"Posted 4 anos ago","modified":"Updated 4 anos ago"},"absolute_dates":{"created":"Posted on junho 13, 2022","modified":"Updated on junho 24, 2022"},"absolute_dates_time":{"created":"Posted on junho 13, 2022 6:20 pm","modified":"Updated on junho 24, 2022 2:07 pm"},"featured_img_caption":"","featured_img":false,"series_order":"","_links":{"self":[{"href":"https:\/\/old.yellow.ai\/pt-br\/wp-json\/wp\/v2\/pages\/30010"}],"collection":[{"href":"https:\/\/old.yellow.ai\/pt-br\/wp-json\/wp\/v2\/pages"}],"about":[{"href":"https:\/\/old.yellow.ai\/pt-br\/wp-json\/wp\/v2\/types\/page"}],"author":[{"embeddable":true,"href":"https:\/\/old.yellow.ai\/pt-br\/wp-json\/wp\/v2\/users\/7"}],"replies":[{"embeddable":true,"href":"https:\/\/old.yellow.ai\/pt-br\/wp-json\/wp\/v2\/comments?post=30010"}],"version-history":[{"count":2,"href":"https:\/\/old.yellow.ai\/pt-br\/wp-json\/wp\/v2\/pages\/30010\/revisions"}],"predecessor-version":[{"id":30024,"href":"https:\/\/old.yellow.ai\/pt-br\/wp-json\/wp\/v2\/pages\/30010\/revisions\/30024"}],"wp:attachment":[{"href":"https:\/\/old.yellow.ai\/pt-br\/wp-json\/wp\/v2\/media?parent=30010"}],"wp:term":[{"taxonomy":"guides_categories","embeddable":true,"href":"https:\/\/old.yellow.ai\/pt-br\/wp-json\/wp\/v2\/guides_categories?post=30010"}],"curies":[{"name":"wp","href":"https:\/\/api.w.org\/{rel}","templated":true}]}}