{"id":30058,"date":"2022-06-14T11:04:30","date_gmt":"2022-06-14T05:34:30","guid":{"rendered":"https:\/\/old.yellow.ai\/partner-with-us\/"},"modified":"2022-10-15T00:35:00","modified_gmt":"2022-10-14T19:05:00","slug":"parceiro-conosco","status":"publish","type":"page","link":"https:\/\/old.yellow.ai\/pt-br\/parceiro-conosco\/","title":{"rendered":"Associe-se com Yellow.ai"},"content":{"rendered":"\n<section class=\"is-layout-flow wp-block-group sec-1\"><div class=\"wp-block-group__inner-container\">\n<div class=\"is-layout-flex wp-container-4 wp-block-columns are-vertically-aligned-center\">\n<div class=\"is-layout-flow wp-block-column is-vertically-aligned-center\">\n<h1>Associe-se com Yellow.ai<\/h1>\n\n\n\n<p>Junte-se \u00e0 rede de parceiros Yellow.ai para obter todas as ferramentas, suporte<br>especializado e recursos que voc\u00ea precisa para se tornar o parceiro de IA de conversa\u00e7\u00e3o<br>para seus clientes.<\/p>\n\n\n\n<div class=\"is-layout-flex wp-block-buttons\">\n<div class=\"wp-block-button partner-colorbox-button\"><a class=\"wp-block-button__link\" href=\"#join-partner\">Torne-se um parceiro<\/a><\/div>\n<\/div>\n<\/div>\n\n\n\n<div class=\"is-layout-flow wp-block-column is-vertically-aligned-center\">\n<figure class=\"wp-block-embed is-type-video is-provider-youtube wp-block-embed-youtube wp-embed-aspect-16-9 wp-has-aspect-ratio\"><div class=\"wp-block-embed__wrapper\">\n<iframe loading=\"lazy\" title=\"Partner With Yellow.ai and Unlock Business Potential at Scale l AI-powered CX and EX Automation\" width=\"500\" height=\"281\" src=\"https:\/\/www.youtube.com\/embed\/H5WBLA56LiQ?feature=oembed\" frameborder=\"0\" allow=\"accelerometer; autoplay; clipboard-write; encrypted-media; gyroscope; picture-in-picture\" allowfullscreen><\/iframe>\n<\/div><\/figure>\n<\/div>\n<\/div>\n<\/div><\/section>\n\n\n\n<section class=\"is-layout-flow wp-block-group sec-2\"><div class=\"wp-block-group__inner-container\">\n<h2 class=\"has-text-align-center\">Principais <strong>parceiros<\/strong><\/h2>\n\n\n  <div id=\"yellow-slider-block_62c56f02ea617\" class=\"yellow-slider\">\r\n        \r\n        \r\n    <div class=\"slide-track\">\r\n      <div class=\"slide\"><img decoding=\"async\" width=\"990\" height=\"60\" src=\"https:\/\/old.yellow.ai\/wp-content\/uploads\/2022\/07\/partner-logos-1.webp?v=3\" alt=\"Brands\" loading=\"lazy\" \/><\/div>\r\n      <div class=\"slide\"><img decoding=\"async\" width=\"990\" height=\"60\" src=\"https:\/\/old.yellow.ai\/wp-content\/uploads\/2022\/07\/partner-logos-1.webp?v=3\" alt=\"Brands\" loading=\"lazy\" \/><\/div>\r\n      <div class=\"slide\"><img decoding=\"async\" width=\"990\" height=\"60\" src=\"https:\/\/old.yellow.ai\/wp-content\/uploads\/2022\/07\/partner-logos-1.webp?v=3\" alt=\"Brands\" loading=\"lazy\" \/><\/div>\r\n    <\/div>\r\n    <div class=\"mobile-slide-track\">\r\n      <div class=\"slide\"><img decoding=\"async\" width=\"990\" height=\"60\" src=\"https:\/\/old.yellow.ai\/wp-content\/uploads\/2022\/07\/partner-logos-1.webp?v=3\" alt=\"Brands\" loading=\"lazy\" \/><\/div>\r\n      <div class=\"slide\"><img decoding=\"async\" width=\"990\" height=\"60\" src=\"https:\/\/old.yellow.ai\/wp-content\/uploads\/2022\/07\/partner-logos-1.webp?v=3\" alt=\"Brands\" loading=\"lazy\" \/><\/div>\r\n      <div class=\"slide\"><img decoding=\"async\" width=\"990\" height=\"60\" src=\"https:\/\/old.yellow.ai\/wp-content\/uploads\/2022\/07\/partner-logos-1.webp?v=3\" alt=\"Brands\" loading=\"lazy\" \/><\/div>\r\n    <\/div>\r\n  <\/div>\r\n  <\/div><\/section>\n\n\n\n<section class=\"is-layout-flow wp-block-group sec-3\"><div class=\"wp-block-group__inner-container\">\n<h2 class=\"has-text-align-center\">Benef\u00edcios do <strong>Programa de Parceria<\/strong> Yellow.ai<\/h2>\n\n\n\n<div class=\"is-layout-flex wp-container-9 wp-block-columns are-vertically-aligned-center partner-program-1\">\n<div class=\"is-layout-flow wp-block-column is-vertically-aligned-center\">\n<h3>Expanda o alcance do seus clientes<\/h3>\n\n\n\n<p>Aumente sua base de clientes e invariavelmente expanda seus neg\u00f3cios adicionando, ao<br>seu portf\u00f3lio de servi\u00e7os, solu\u00e7\u00f5es de IA conversacional de n\u00edvel empresarial, que j\u00e1<br>geraram alto CSAT, NPS, vendas e receita para clientes como Bajaj, Sephora, ZALORA e<br>muitos outros<\/p>\n\n\n\n<p><a href=\"https:\/\/old.yellow.ai\/customer-success-stories\/\">Leia hist\u00f3rias de sucesso de clientes<\/a><\/p>\n<\/div>\n\n\n\n<div class=\"is-layout-flow wp-block-column is-vertically-aligned-center\">\n<figure class=\"wp-block-image size-full\"><img decoding=\"async\" loading=\"lazy\" width=\"808\" height=\"684\" src=\"https:\/\/old.yellow.ai\/wp-content\/uploads\/2022\/07\/Partner-Program-1.webp\" alt=\"\" class=\"wp-image-45783\" srcset=\"https:\/\/old.yellow.ai\/wp-content\/uploads\/2022\/07\/Partner-Program-1.webp 808w, https:\/\/old.yellow.ai\/wp-content\/uploads\/2022\/07\/Partner-Program-1-300x254.webp 300w, https:\/\/old.yellow.ai\/wp-content\/uploads\/2022\/07\/Partner-Program-1-768x650.webp 768w\" sizes=\"(max-width: 808px) 100vw, 808px\" \/><\/figure>\n<\/div>\n<\/div>\n\n\n\n<div class=\"is-layout-flex wp-container-12 wp-block-columns are-vertically-aligned-center partner-program-2 mobile-flip\">\n<div class=\"is-layout-flow wp-block-column is-vertically-aligned-center\">\n<figure class=\"wp-block-image size-full\"><img decoding=\"async\" loading=\"lazy\" width=\"818\" height=\"665\" src=\"https:\/\/old.yellow.ai\/wp-content\/uploads\/2022\/07\/Partner-Program-2.webp\" alt=\"\" class=\"wp-image-45791\" srcset=\"https:\/\/old.yellow.ai\/wp-content\/uploads\/2022\/07\/Partner-Program-2.webp 818w, https:\/\/old.yellow.ai\/wp-content\/uploads\/2022\/07\/Partner-Program-2-300x244.webp 300w, https:\/\/old.yellow.ai\/wp-content\/uploads\/2022\/07\/Partner-Program-2-768x624.webp 768w\" sizes=\"(max-width: 818px) 100vw, 818px\" \/><\/figure>\n<\/div>\n\n\n\n<div class=\"is-layout-flow wp-block-column is-vertically-aligned-center\">\n<h3>Saia ao mercado na velocidade da luz<\/h3>\n\n\n\n<p>Escolha entre centenas de modelos pr\u00e9-criados e personalize-os com base em seus<br>requisitos no Marketplace, a maior loja do mundo para Agentes de IA din\u00e2micos e<br>componentes de Agente de IA prontos para empresas.<\/p>\n\n\n\n<p><a href=\"https:\/\/hub.yellow.ai\/marketplace\">Explorar marketplace<\/a><\/p>\n<\/div>\n<\/div>\n\n\n\n<div class=\"is-layout-flex wp-container-15 wp-block-columns are-vertically-aligned-center partner-program-3\">\n<div class=\"is-layout-flow wp-block-column is-vertically-aligned-center\">\n<h3>Impulsione a transforma\u00e7\u00e3o em escala<\/h3>\n\n\n\n<p>Obtenha suporte pr\u00e1tico dos especialistas da Yellow.ai para ampliar os recursos de seus<br>produtos e componentes ou criar novos recursos, permitindo que seus clientes ofere\u00e7am<br>experi\u00eancias de conversa\u00e7\u00e3o agrad\u00e1veis com mais rapidez que nunca.<\/p>\n\n\n\n<p><br><br><a href=\"https:\/\/yellowmessenger.atlassian.net\/servicedesk\/customer\/portal\/5\">Obter suporte<\/a><\/p>\n<\/div>\n\n\n\n<div class=\"is-layout-flow wp-block-column is-vertically-aligned-center\">\n<figure class=\"wp-block-image size-full\"><img decoding=\"async\" loading=\"lazy\" width=\"860\" height=\"719\" src=\"https:\/\/old.yellow.ai\/wp-content\/uploads\/2022\/07\/Partner-Program-3.webp\" alt=\"\" class=\"wp-image-45800\" srcset=\"https:\/\/old.yellow.ai\/wp-content\/uploads\/2022\/07\/Partner-Program-3.webp 860w, https:\/\/old.yellow.ai\/wp-content\/uploads\/2022\/07\/Partner-Program-3-300x251.webp 300w, https:\/\/old.yellow.ai\/wp-content\/uploads\/2022\/07\/Partner-Program-3-768x642.webp 768w\" sizes=\"(max-width: 860px) 100vw, 860px\" \/><\/figure>\n<\/div>\n<\/div>\n<\/div><\/section>\n\n\n\n<section class=\"is-layout-flow wp-block-group sec-4\"><div class=\"wp-block-group__inner-container\">\n<div id=\"join-partner\" class=\"is-layout-flow wp-block-group sec-4-wrap\"><div class=\"wp-block-group__inner-container\">\n<h3>Junte-se \u00e0 rede de parceiros Yellow.ai<\/h3>\n\n\n\n<script charset=\"utf-8\" type=\"text\/javascript\" src=\"\/\/js.hsforms.net\/forms\/embed\/v2.js\"><\/script>\n<script>\n  hbspt.forms.create({\n    region: \"na1\",\n    portalId: \"20956546\",\n    formId: \"2e207886-8917-4173-a51d-8702b15db44a\"\n  });\n<\/script>\n<\/div><\/div>\n<\/div><\/section>\n\n\n\n<section class=\"is-layout-flow wp-block-group sec-5\"><div class=\"wp-block-group__inner-container\">\n<h2 class=\"has-text-align-center\"><strong>Caminho do parceiro<\/strong> Yellow.ai<\/h2>\n\n\n  <div id=\"yellow-partner-slider-block_62c681395d73e\" class=\"yellow-partner-slider\">\r\n    <div class=\"partner-slider-div\">\r\n              <div class=\"wrap\">\r\n          <div class=\"single-slide blue\">\r\n            <div class=\"left\">\r\n              <div class=\"title\">Aproximar-se com facilidade<\/div>\r\n              <div class=\"content\">Esteja voc\u00ea apenas come\u00e7ando ou procurando expandir seus neg\u00f3cios, junte-se \u00e0 rede de\r\nparceiros Yellow.ai e aproveite o treinamento, recursos de capacita\u00e7\u00e3o, solu\u00e7\u00f5es bem\r\nestruturadas e muito mais para atrair clientes que procuram solu\u00e7\u00f5es comerciais de IA\r\nconversacionais.<\/div>\r\n            <\/div>\r\n            <div class=\"right\">\r\n              <img width=\"460\" height=\"353\" src=\"https:\/\/old.yellow.ai\/wp-content\/uploads\/2022\/07\/Onboard-with-ease-.svg\" class=\"attachment-full size-full\" alt=\"\" decoding=\"async\" loading=\"lazy\" \/>            <\/div>\r\n          <\/div>\r\n        <\/div>\r\n                <div class=\"wrap\">\r\n          <div class=\"single-slide red\">\r\n            <div class=\"left\">\r\n              <div class=\"title\">Come\u00e7a rapidamente<\/div>\r\n              <div class=\"content\">Crie um bot multil\u00edngue baseado em NLP rapidamente, sem depend\u00eancia de c\u00f3digo ou\r\ndesenvolvedor. Aproveite mais de 100 integra\u00e7\u00f5es pr\u00e9-criadas ou personalize uma com\r\nAPIs robustas e implante-a em mais de 35 canais com um \u00fanico clique.\r\n<\/div>\r\n            <\/div>\r\n            <div class=\"right\">\r\n              <img width=\"522\" height=\"323\" src=\"https:\/\/old.yellow.ai\/wp-content\/uploads\/2022\/07\/Get-started-quickly-.svg\" class=\"attachment-full size-full\" alt=\"\" decoding=\"async\" loading=\"lazy\" \/>            <\/div>\r\n          <\/div>\r\n        <\/div>\r\n                <div class=\"wrap\">\r\n          <div class=\"single-slide yellow\">\r\n            <div class=\"left\">\r\n              <div class=\"title\">Chegando ao mercado<\/div>\r\n              <div class=\"content\">Obtenha todo o suporte de vendas e marketing, fundos de desenvolvimento, recursos e\r\nferramentas que podem ajud\u00e1-lo a aumentar seu funil de vendas e integrar-se a sistemas de\r\nneg\u00f3cios populares em escala global, acompanhando as crescentes demandas e\r\nmelhorando o ROI.\r\n<\/div>\r\n            <\/div>\r\n            <div class=\"right\">\r\n              <img width=\"467\" height=\"332\" src=\"https:\/\/old.yellow.ai\/wp-content\/uploads\/2022\/07\/Go-to-market-.svg\" class=\"attachment-full size-full\" alt=\"\" decoding=\"async\" loading=\"lazy\" \/>            <\/div>\r\n          <\/div>\r\n        <\/div>\r\n                <div class=\"wrap\">\r\n          <div class=\"single-slide black\">\r\n            <div class=\"left\">\r\n              <div class=\"title\">Cres\u00e7a com seus clientes<\/div>\r\n              <div class=\"content\">Torne-se um parceiro de Yellow.ai para expandir seus servi\u00e7os, atrair novos clientes e\r\naumentar a reten\u00e7\u00e3o de clientes, mas tamb\u00e9m para ajudar seus clientes a oferecer\r\nexperi\u00eancias perfeitas com solu\u00e7\u00f5es de automa\u00e7\u00e3o personaliz\u00e1veis e escal\u00e1veis.<\/div>\r\n            <\/div>\r\n            <div class=\"right\">\r\n              <img width=\"517\" height=\"274\" src=\"https:\/\/old.yellow.ai\/wp-content\/uploads\/2022\/07\/Grow-with-your-clients-.svg\" class=\"attachment-full size-full\" alt=\"\" decoding=\"async\" loading=\"lazy\" \/>            <\/div>\r\n          <\/div>\r\n        <\/div>\r\n                <div class=\"wrap\">\r\n          <div class=\"single-slide blue\">\r\n            <div class=\"left\">\r\n              <div class=\"title\">Aumente sua renda<\/div>\r\n              <div class=\"content\">Ao aproveitar o poder de uma plataforma de IA conversacional, voc\u00ea pode aumentar sua\r\nreceita dez vezes em pouco tempo com pouca ou nenhuma despesa operacional, tornando\r\nessa parceria a melhor decis\u00e3o que voc\u00ea j\u00e1 tomou.<\/div>\r\n            <\/div>\r\n            <div class=\"right\">\r\n              <img width=\"493\" height=\"377\" src=\"https:\/\/old.yellow.ai\/wp-content\/uploads\/2022\/07\/Boost-your-revenue.svg\" class=\"attachment-full size-full\" alt=\"\" decoding=\"async\" loading=\"lazy\" \/>            <\/div>\r\n          <\/div>\r\n        <\/div>\r\n            <\/div>\r\n    <div class=\"pager-div\">\r\n      <div class=\"wrap\">\r\n        <div class=\"pager\">\r\n          <div class=\"pages\"><\/div>\r\n        <\/div>\r\n      <\/div>\r\n    <\/div>\r\n  <\/div>\r\n  \n\n\n<div class=\"is-layout-flex wp-block-buttons\">\n<div class=\"wp-block-button aligncenter partner-colorbox-button\"><a class=\"wp-block-button__link\" href=\"#join-partner\">Torne-se um parceiro<\/a><\/div>\n<\/div>\n<\/div><\/section>\n\n\n\n<section class=\"is-layout-flow wp-block-group sec-6\"><div class=\"wp-block-group__inner-container\">\n<h2 class=\"has-text-align-center\"><strong>Programas de Parceiros<\/strong> Yellow.ai<\/h2>\n\n\n\n<p class=\"has-text-align-center\">Explore os diferentes programas de parceria projetados para promover o crescimento dos<br>neg\u00f3cios.<\/p>\n\n\n  <div id=\"yellow-partner-programs-block_62c698d9c1d7d\" class=\"yellow-partner-programs\">\r\n          <div class=\"single-partner-program\">\r\n        <div class=\"top\" style=\"background-image: url(https:\/\/old.yellow.ai\/wp-content\/uploads\/2022\/07\/Partner-Program-BG-1.svg)\">\r\n                      <div class=\"icon-div\">\r\n              <img width=\"73\" height=\"73\" src=\"https:\/\/old.yellow.ai\/wp-content\/uploads\/2022\/07\/Partner-Program-1.svg\" class=\"attachment-full size-full\" alt=\"\" decoding=\"async\" loading=\"lazy\" \/>            <\/div>\r\n                      <div class=\"spp-title\">Parceiro Integrador de Sistemas Globais<\/div>\r\n        <\/div>\r\n        <div class=\"bottom\">\r\n          Crie e implante solu\u00e7\u00f5es inovadoras de IA conversacional mais r\u00e1pido que nunca com o\r\nPrograma de Parceria de Integrador de Sistemas. Nosso programa de integra\u00e7\u00e3o intuitivo\r\nfar\u00e1 com que voc\u00ea comece rapidamente.        <\/div>\r\n      <\/div>\r\n            <div class=\"single-partner-program\">\r\n        <div class=\"top\" style=\"background-image: url(https:\/\/old.yellow.ai\/wp-content\/uploads\/2022\/07\/Partner-Program-BG-2.svg)\">\r\n                      <div class=\"icon-div\">\r\n              <img width=\"73\" height=\"73\" src=\"https:\/\/old.yellow.ai\/wp-content\/uploads\/2022\/07\/Partner-Program-2.svg\" class=\"attachment-full size-full\" alt=\"\" decoding=\"async\" loading=\"lazy\" \/>            <\/div>\r\n                      <div class=\"spp-title\">ISV\/Parceiro da Alian\u00e7a Tecnol\u00f3gica<\/div>\r\n        <\/div>\r\n        <div class=\"bottom\">\r\n          Aproveite os in\u00fameros benef\u00edcios do programa de parceiros de tecnologia em um mercado\r\ncom r\u00e1pido crescimento. Os parceiros podem combinar suas ofertas com as poderosas\r\nsolu\u00e7\u00f5es de IA da Yellow.ai para gerar maior valor para clientes m\u00fatuos.\r\n        <\/div>\r\n      <\/div>\r\n            <div class=\"single-partner-program\">\r\n        <div class=\"top\" style=\"background-image: url(https:\/\/old.yellow.ai\/wp-content\/uploads\/2022\/07\/Partner-Program-BG-3.svg)\">\r\n                      <div class=\"icon-div\">\r\n              <img width=\"73\" height=\"73\" src=\"https:\/\/old.yellow.ai\/wp-content\/uploads\/2022\/07\/Partner-Program-3.svg\" class=\"attachment-full size-full\" alt=\"\" decoding=\"async\" loading=\"lazy\" \/>            <\/div>\r\n                      <div class=\"spp-title\">Parceiro revendedor<\/div>\r\n        <\/div>\r\n        <div class=\"bottom\">\r\n          Inscreva-se no programa de revenda e tenha acesso a kits de marketing e vendas, al\u00e9m de\r\ntreinamento t\u00e9cnico para atrair e vender para empresas com alta inten\u00e7\u00e3o de compra.\r\n        <\/div>\r\n      <\/div>\r\n            <div class=\"single-partner-program\">\r\n        <div class=\"top\" style=\"background-image: url(https:\/\/old.yellow.ai\/wp-content\/uploads\/2022\/07\/Partner-Program-BG-4.svg)\">\r\n                      <div class=\"icon-div\">\r\n              <img width=\"73\" height=\"73\" src=\"https:\/\/old.yellow.ai\/wp-content\/uploads\/2022\/07\/Partner-Program-4.svg\" class=\"attachment-full size-full\" alt=\"\" decoding=\"async\" loading=\"lazy\" \/>            <\/div>\r\n                      <div class=\"spp-title\">Parceiro de refer\u00eancia<\/div>\r\n        <\/div>\r\n        <div class=\"bottom\">\r\n          Defenda solu\u00e7\u00f5es de IA conversacionais de \u00faltima gera\u00e7\u00e3o, ganhe comiss\u00f5es regulares e\r\nadicione um novo fluxo de receita ao seu neg\u00f3cio com o melhor programa de parceria de\r\nrefer\u00eancia do setor        <\/div>\r\n      <\/div>\r\n            <div class=\"single-partner-program\">\r\n        <div class=\"top\" style=\"background-image: url(https:\/\/old.yellow.ai\/wp-content\/uploads\/2022\/07\/Partner-Program-BG-5.svg)\">\r\n                      <div class=\"icon-div\">\r\n              <img width=\"73\" height=\"73\" src=\"https:\/\/old.yellow.ai\/wp-content\/uploads\/2022\/07\/Partner-Program-5.svg\" class=\"attachment-full size-full\" alt=\"\" decoding=\"async\" loading=\"lazy\" \/>            <\/div>\r\n                      <div class=\"spp-title\">Parceiro de consultoria<\/div>\r\n        <\/div>\r\n        <div class=\"bottom\">\r\n          A plataforma de 360 graus da Yellow.ai n\u00e3o termina apenas no envolvimento do cliente.\r\nAgregue valor aos seus clientes al\u00e9m do atendimento ao cliente, com a RR. HH., ITSM e\r\nmuitas outras solu\u00e7\u00f5es dispon\u00edveis.        <\/div>\r\n      <\/div>\r\n        <\/div>\r\n  <\/div><\/section>\n<style class=\"advgb-styles-renderer\">\r\n      @keyframes scroll-block_62c56f02ea617 {\r\n        0% {\r\n          transform: translate(0, 0);\r\n        }\r\n        50% {\r\n          transform: translate(-1155px, 0);\r\n        }\r\n        100% {\r\n          transform: translate(0, 0);\r\n        }\r\n      }\r\n      #yellow-slider-block_62c56f02ea617 .slide-track {\r\n        will-change: transform;\r\n        animation: scroll-block_62c56f02ea617 46.2s linear infinite;\r\n      }\r\n    \r\n      @keyframes mobile-scroll-block_62c56f02ea617 {\r\n        0% {\r\n          transform: translate(0, 0);\r\n        }\r\n        50% {\r\n          transform: translate(-990px, 0);\r\n        }\r\n        100% {\r\n          transform: translate(0, 0);\r\n        }\r\n      }\r\n      #yellow-slider-block_62c56f02ea617 .mobile-slide-track {\r\n        will-change: transform;\r\n        animation: mobile-scroll-block_62c56f02ea617 39.6s linear infinite;\r\n      }\r\n    <\/style>","protected":false},"excerpt":{"rendered":"<p>Associe-se com Yellow.ai Junte-se \u00e0 rede de parceiros Yellow.ai para obter todas as ferramentas, suporteespecializado e recursos que voc\u00ea precisa para se tornar o parceiro de IA de conversa\u00e7\u00e3opara seus clientes. Principais parceiros Benef\u00edcios do Programa de Parceria Yellow.ai Expanda o alcance do seus clientes Aumente sua base de clientes e invariavelmente expanda seus neg\u00f3cios [&hellip;]<\/p>\n","protected":false},"author":7,"featured_media":0,"parent":0,"menu_order":0,"comment_status":"closed","ping_status":"closed","template":"","meta":{"advgb_blocks_editor_width":"","advgb_blocks_columns_visual_guide":"","inline_featured_image":false},"guides_categories":[],"acf":[],"yoast_head":"<!-- This site is optimized with the Yoast SEO plugin v20.2.1 - https:\/\/yoast.com\/wordpress\/plugins\/seo\/ -->\n<title>Associe-se com Yellow.ai - Yellow.ai<\/title>\n<meta name=\"robots\" content=\"noindex, follow, max-snippet:-1, max-image-preview:large, max-video-preview:-1\" \/>\n<meta property=\"og:locale\" content=\"pt_BR\" \/>\n<meta property=\"og:type\" content=\"article\" \/>\n<meta property=\"og:title\" content=\"Associe-se com Yellow.ai - Yellow.ai\" \/>\n<meta property=\"og:description\" content=\"Associe-se com Yellow.ai Junte-se \u00e0 rede de parceiros Yellow.ai para obter todas as ferramentas, suporteespecializado e recursos que voc\u00ea precisa para se tornar o parceiro de IA de conversa\u00e7\u00e3opara seus clientes. Principais parceiros Benef\u00edcios do Programa de Parceria Yellow.ai Expanda o alcance do seus clientes Aumente sua base de clientes e invariavelmente expanda seus neg\u00f3cios [&hellip;]\" \/>\n<meta property=\"og:url\" content=\"https:\/\/old.yellow.ai\/pt-br\/parceiro-conosco\/\" \/>\n<meta property=\"og:site_name\" content=\"Yellow.ai\" \/>\n<meta property=\"article:modified_time\" content=\"2022-10-14T19:05:00+00:00\" \/>\n<meta property=\"og:image\" content=\"https:\/\/yellow.ai\/wp-content\/uploads\/2022\/07\/Partner-Program-1.webp\" \/>\n<meta name=\"twitter:card\" content=\"summary_large_image\" \/>\n<meta name=\"twitter:label1\" content=\"Est. reading time\" \/>\n\t<meta name=\"twitter:data1\" content=\"2 minutos\" \/>\n<script type=\"application\/ld+json\" class=\"yoast-schema-graph\">{\"@context\":\"https:\/\/schema.org\",\"@graph\":[{\"@type\":\"WebPage\",\"@id\":\"https:\/\/old.yellow.ai\/pt-br\/parceiro-conosco\/\",\"url\":\"https:\/\/old.yellow.ai\/pt-br\/parceiro-conosco\/\",\"name\":\"Associe-se com Yellow.ai - Yellow.ai\",\"isPartOf\":{\"@id\":\"https:\/\/old.yellow.ai\/pt-br\/#website\"},\"datePublished\":\"2022-06-14T05:34:30+00:00\",\"dateModified\":\"2022-10-14T19:05:00+00:00\",\"breadcrumb\":{\"@id\":\"https:\/\/old.yellow.ai\/pt-br\/parceiro-conosco\/#breadcrumb\"},\"inLanguage\":\"pt-BR\",\"potentialAction\":[{\"@type\":\"ReadAction\",\"target\":[\"https:\/\/old.yellow.ai\/pt-br\/parceiro-conosco\/\"]}]},{\"@type\":\"BreadcrumbList\",\"@id\":\"https:\/\/old.yellow.ai\/pt-br\/parceiro-conosco\/#breadcrumb\",\"itemListElement\":[{\"@type\":\"ListItem\",\"position\":1,\"name\":\"Home\",\"item\":\"https:\/\/yellow.ai\/pt-br\/\"},{\"@type\":\"ListItem\",\"position\":2,\"name\":\"Associe-se com Yellow.ai\"}]},{\"@type\":\"WebSite\",\"@id\":\"https:\/\/old.yellow.ai\/pt-br\/#website\",\"url\":\"https:\/\/old.yellow.ai\/pt-br\/\",\"name\":\"Yellow.ai\",\"description\":\"\",\"potentialAction\":[{\"@type\":\"SearchAction\",\"target\":{\"@type\":\"EntryPoint\",\"urlTemplate\":\"https:\/\/old.yellow.ai\/pt-br\/?s={search_term_string}\"},\"query-input\":\"required name=search_term_string\"}],\"inLanguage\":\"pt-BR\"}]}<\/script>\n<!-- \/ Yoast SEO plugin. -->","yoast_head_json":{"title":"Associe-se com Yellow.ai - Yellow.ai","robots":{"index":"noindex","follow":"follow","max-snippet":"max-snippet:-1","max-image-preview":"max-image-preview:large","max-video-preview":"max-video-preview:-1"},"og_locale":"pt_BR","og_type":"article","og_title":"Associe-se com Yellow.ai - Yellow.ai","og_description":"Associe-se com Yellow.ai Junte-se \u00e0 rede de parceiros Yellow.ai para obter todas as ferramentas, suporteespecializado e recursos que voc\u00ea precisa para se tornar o parceiro de IA de conversa\u00e7\u00e3opara seus clientes. Principais parceiros Benef\u00edcios do Programa de Parceria Yellow.ai Expanda o alcance do seus clientes Aumente sua base de clientes e invariavelmente expanda seus neg\u00f3cios [&hellip;]","og_url":"https:\/\/old.yellow.ai\/pt-br\/parceiro-conosco\/","og_site_name":"Yellow.ai","article_modified_time":"2022-10-14T19:05:00+00:00","og_image":[{"url":"https:\/\/yellow.ai\/wp-content\/uploads\/2022\/07\/Partner-Program-1.webp"}],"twitter_card":"summary_large_image","twitter_misc":{"Est. reading time":"2 minutos"},"schema":{"@context":"https:\/\/schema.org","@graph":[{"@type":"WebPage","@id":"https:\/\/old.yellow.ai\/pt-br\/parceiro-conosco\/","url":"https:\/\/old.yellow.ai\/pt-br\/parceiro-conosco\/","name":"Associe-se com Yellow.ai - Yellow.ai","isPartOf":{"@id":"https:\/\/old.yellow.ai\/pt-br\/#website"},"datePublished":"2022-06-14T05:34:30+00:00","dateModified":"2022-10-14T19:05:00+00:00","breadcrumb":{"@id":"https:\/\/old.yellow.ai\/pt-br\/parceiro-conosco\/#breadcrumb"},"inLanguage":"pt-BR","potentialAction":[{"@type":"ReadAction","target":["https:\/\/old.yellow.ai\/pt-br\/parceiro-conosco\/"]}]},{"@type":"BreadcrumbList","@id":"https:\/\/old.yellow.ai\/pt-br\/parceiro-conosco\/#breadcrumb","itemListElement":[{"@type":"ListItem","position":1,"name":"Home","item":"https:\/\/yellow.ai\/pt-br\/"},{"@type":"ListItem","position":2,"name":"Associe-se com Yellow.ai"}]},{"@type":"WebSite","@id":"https:\/\/old.yellow.ai\/pt-br\/#website","url":"https:\/\/old.yellow.ai\/pt-br\/","name":"Yellow.ai","description":"","potentialAction":[{"@type":"SearchAction","target":{"@type":"EntryPoint","urlTemplate":"https:\/\/old.yellow.ai\/pt-br\/?s={search_term_string}"},"query-input":"required name=search_term_string"}],"inLanguage":"pt-BR"}]}},"coauthors":[],"author_meta":{"author_link":"https:\/\/old.yellow.ai\/pt-br\/author\/ajmatsio-com\/","display_name":"Matsio"},"relative_dates":{"created":"Posted 4 anos ago","modified":"Updated 4 anos ago"},"absolute_dates":{"created":"Posted on junho 14, 2022","modified":"Updated on outubro 15, 2022"},"absolute_dates_time":{"created":"Posted on junho 14, 2022 11:04 am","modified":"Updated on outubro 15, 2022 12:35 am"},"featured_img_caption":"","featured_img":false,"series_order":"","_links":{"self":[{"href":"https:\/\/old.yellow.ai\/pt-br\/wp-json\/wp\/v2\/pages\/30058"}],"collection":[{"href":"https:\/\/old.yellow.ai\/pt-br\/wp-json\/wp\/v2\/pages"}],"about":[{"href":"https:\/\/old.yellow.ai\/pt-br\/wp-json\/wp\/v2\/types\/page"}],"author":[{"embeddable":true,"href":"https:\/\/old.yellow.ai\/pt-br\/wp-json\/wp\/v2\/users\/7"}],"replies":[{"embeddable":true,"href":"https:\/\/old.yellow.ai\/pt-br\/wp-json\/wp\/v2\/comments?post=30058"}],"version-history":[{"count":20,"href":"https:\/\/old.yellow.ai\/pt-br\/wp-json\/wp\/v2\/pages\/30058\/revisions"}],"predecessor-version":[{"id":68310,"href":"https:\/\/old.yellow.ai\/pt-br\/wp-json\/wp\/v2\/pages\/30058\/revisions\/68310"}],"wp:attachment":[{"href":"https:\/\/old.yellow.ai\/pt-br\/wp-json\/wp\/v2\/media?parent=30058"}],"wp:term":[{"taxonomy":"guides_categories","embeddable":true,"href":"https:\/\/old.yellow.ai\/pt-br\/wp-json\/wp\/v2\/guides_categories?post=30058"}],"curies":[{"name":"wp","href":"https:\/\/api.w.org\/{rel}","templated":true}]}}