{"id":30166,"date":"2022-06-13T16:20:19","date_gmt":"2022-06-13T10:50:19","guid":{"rendered":"https:\/\/old.yellow.ai\/contact-us\/"},"modified":"2022-08-29T16:53:12","modified_gmt":"2022-08-29T11:23:12","slug":"fale-conosco","status":"publish","type":"page","link":"https:\/\/old.yellow.ai\/pt-br\/fale-conosco\/","title":{"rendered":"Contact Us"},"content":{"rendered":"\n<div class=\"is-layout-flow wp-block-group sec-1\"><div class=\"wp-block-group__inner-container\">\n<h1>Mais de 1000 marcas&nbsp;<strong>renomadas<\/strong><br>confiam em n\u00f3s.<\/h1>\n\n\n\n<p>Descubra novos caminhos para o crescimento e melhore os endpoints existentes com nossa nuvem de conversa\u00e7\u00e3o. Descubra como a yellow.ai ajuda os clientes finais<\/p>\n<\/div><\/div>\n\n\n\n<div class=\"is-layout-flow wp-block-group sec-2\"><div class=\"wp-block-group__inner-container\">\n<h2>Escreva-nos para&nbsp;<strong>contact@yellow.ai<\/strong><\/h2>\n\n\n<\/div><\/div>\n\n\n\n<div class=\"is-layout-flow wp-block-group sec-3\"><div class=\"wp-block-group__inner-container\">  <div id=\"yellow-map-tabview-div-block_62a70b1928274\" class=\"yellow-map-tabview-div\">\r\n    <div class=\"wrap\">\r\n      <div class=\"yellow-map-tabview\">\r\n        <div class=\"tab-header\">\r\n                        <div class=\"tab-button tab-button-1 selected\" data-tab=\"1\">\r\n                United States              <\/div>\r\n                            <div class=\"tab-button tab-button-2\" data-tab=\"2\">\r\n                Malaysia              <\/div>\r\n                            <div class=\"tab-button tab-button-3\" data-tab=\"3\">\r\n                India              <\/div>\r\n                            <div class=\"tab-button tab-button-4\" data-tab=\"4\">\r\n                Singapore              <\/div>\r\n                            <div class=\"tab-button tab-button-5\" data-tab=\"5\">\r\n                UAE              <\/div>\r\n                            <div class=\"tab-button tab-button-6\" data-tab=\"6\">\r\n                Indonesia              <\/div>\r\n                      <\/div>\r\n        <div class=\"tab-body\">\r\n                        <div class=\"tab-body-single tab-body-single-1 selected\">\r\n                <div class=\"tab-body-content \" >\r\n                  <div class=\"left\">\r\n                    <div class=\"title\">United States<\/div>\r\n                    <p>400 Concar Drive, San Mateo, CA 94402<\/p>\n                  <\/div>\r\n                  <div class=\"right\">\r\n                                          <div class=\"mapouter\">\r\n                        <div class=\"gmap_canvas\">\r\n                          <iframe loading=\"lazy\"\r\n                            width=\"600\"\r\n                            height=\"500\"\r\n                            id=\"gmap_canvas\"\r\n                            src=\"https:\/\/maps.google.com\/maps?q=400+Concar+Drive%2C+San+Mateo%2C+CA+94402&#038;t=&#038;z=13&#038;ie=UTF8&#038;iwloc=&#038;output=embed\"\r\n                            frameborder=\"0\"\r\n                            scrolling=\"no\"\r\n                            marginheight=\"0\"\r\n                            marginwidth=\"0\"\r\n                          ><\/iframe>\r\n                        <\/div>\r\n                      <\/div>\r\n                                      <\/div>\r\n                <\/div>\r\n              <\/div>\r\n                            <div class=\"tab-body-single tab-body-single-2\">\r\n                <div class=\"tab-body-content \" >\r\n                  <div class=\"left\">\r\n                    <div class=\"title\">Malaysia<\/div>\r\n                    <p>Lot 2(B), 3rd floor, Block A, Damai Plaza, Phase IV, Jalan Damai , 88300 Kota Kinabalu Sabah Malaysia<\/p>\n                  <\/div>\r\n                  <div class=\"right\">\r\n                                          <div class=\"mapouter\">\r\n                        <div class=\"gmap_canvas\">\r\n                          <iframe loading=\"lazy\"\r\n                            width=\"600\"\r\n                            height=\"500\"\r\n                            id=\"gmap_canvas\"\r\n                            src=\"https:\/\/maps.google.com\/maps?q=Lot+2%28B%29%2C+3rd+floor%2C+Block+A%2C+Damai+Plaza%2C+Phase+IV%2C+Jalan+Damai+%2C+88300+Kota+Kinabalu+Sabah+Malaysia&#038;t=&#038;z=13&#038;ie=UTF8&#038;iwloc=&#038;output=embed\"\r\n                            frameborder=\"0\"\r\n                            scrolling=\"no\"\r\n                            marginheight=\"0\"\r\n                            marginwidth=\"0\"\r\n                          ><\/iframe>\r\n                        <\/div>\r\n                      <\/div>\r\n                                      <\/div>\r\n                <\/div>\r\n              <\/div>\r\n                            <div class=\"tab-body-single tab-body-single-3\">\r\n                <div class=\"tab-body-content \" >\r\n                  <div class=\"left\">\r\n                    <div class=\"title\">India<\/div>\r\n                    <p>B-9, 5th Floor Brigade Summit , ITPL Main Rd, Brigade Metropolis, Garudachar Palya, Mahadevapura, Bengaluru, Karnataka 560048<\/p>\n                  <\/div>\r\n                  <div class=\"right\">\r\n                                          <div class=\"mapouter\">\r\n                        <div class=\"gmap_canvas\">\r\n                          <iframe loading=\"lazy\"\r\n                            width=\"600\"\r\n                            height=\"500\"\r\n                            id=\"gmap_canvas\"\r\n                            src=\"https:\/\/maps.google.com\/maps?q=B-9%2C+5th+Floor+Brigade+Summit+%2C+ITPL+Main+Rd%2C+Brigade+Metropolis%2C+Garudachar+Palya%2C+Mahadevapura%2C+Bengaluru%2C+Karnataka+560048&#038;t=&#038;z=13&#038;ie=UTF8&#038;iwloc=&#038;output=embed\"\r\n                            frameborder=\"0\"\r\n                            scrolling=\"no\"\r\n                            marginheight=\"0\"\r\n                            marginwidth=\"0\"\r\n                          ><\/iframe>\r\n                        <\/div>\r\n                      <\/div>\r\n                                      <\/div>\r\n                <\/div>\r\n              <\/div>\r\n                            <div class=\"tab-body-single tab-body-single-4\">\r\n                <div class=\"tab-body-content \" >\r\n                  <div class=\"left\">\r\n                    <div class=\"title\">Singapore<\/div>\r\n                    <p>30 Cecil Street, #19-08 Prudential Tower. Singapore 049712<\/p>\n                  <\/div>\r\n                  <div class=\"right\">\r\n                                          <div class=\"mapouter\">\r\n                        <div class=\"gmap_canvas\">\r\n                          <iframe loading=\"lazy\"\r\n                            width=\"600\"\r\n                            height=\"500\"\r\n                            id=\"gmap_canvas\"\r\n                            src=\"https:\/\/maps.google.com\/maps?q=30+Cecil+Street%2C+%2319-08+Prudential+Tower.+Singapore+049712&#038;t=&#038;z=13&#038;ie=UTF8&#038;iwloc=&#038;output=embed\"\r\n                            frameborder=\"0\"\r\n                            scrolling=\"no\"\r\n                            marginheight=\"0\"\r\n                            marginwidth=\"0\"\r\n                          ><\/iframe>\r\n                        <\/div>\r\n                      <\/div>\r\n                                      <\/div>\r\n                <\/div>\r\n              <\/div>\r\n                            <div class=\"tab-body-single tab-body-single-5\">\r\n                <div class=\"tab-body-content \" >\r\n                  <div class=\"left\">\r\n                    <div class=\"title\">UAE<\/div>\r\n                    <p>Office 301 D, Building 5, North Park Office Building, Khalifa Park, Abu Dhabi, United Arab Emirates. PO Box 769653<\/p>\n                  <\/div>\r\n                  <div class=\"right\">\r\n                                          <div class=\"mapouter\">\r\n                        <div class=\"gmap_canvas\">\r\n                          <iframe loading=\"lazy\"\r\n                            width=\"600\"\r\n                            height=\"500\"\r\n                            id=\"gmap_canvas\"\r\n                            src=\"https:\/\/maps.google.com\/maps?q=Khalifa+Park%2C+opp+ADIB+-+Sheikh+Zayed+Bin+Sultan+St+-+Zone+1+-+Abu+Dhabi+-+United+Arab+Emirates&#038;t=&#038;z=13&#038;ie=UTF8&#038;iwloc=&#038;output=embed\"\r\n                            frameborder=\"0\"\r\n                            scrolling=\"no\"\r\n                            marginheight=\"0\"\r\n                            marginwidth=\"0\"\r\n                          ><\/iframe>\r\n                        <\/div>\r\n                      <\/div>\r\n                                      <\/div>\r\n                <\/div>\r\n              <\/div>\r\n                            <div class=\"tab-body-single tab-body-single-6\">\r\n                <div class=\"tab-body-content \" >\r\n                  <div class=\"left\">\r\n                    <div class=\"title\">Indonesia<\/div>\r\n                    <p>PT. BITONIC TEKNOLOGI LABS Registered Office: Gedung AXA Tower Kuningan City Lantai 36 Unit 5-6 Jalan Prof. Dr. Satrio Kavling 18, Kel. Karet Kuningan, Kec. Setiabudi, Kota Adm. Jakarta Selatan, Prov. DKI Jakarta<\/p>\n                  <\/div>\r\n                  <div class=\"right\">\r\n                                          <div class=\"mapouter\">\r\n                        <div class=\"gmap_canvas\">\r\n                          <iframe loading=\"lazy\"\r\n                            width=\"600\"\r\n                            height=\"500\"\r\n                            id=\"gmap_canvas\"\r\n                            src=\"https:\/\/maps.google.com\/maps?q=UNIK%2C+Kuningan+City%2C+Axa+Tower%2C+RT.14%2FRW.4%2C+Kuningan%2C+Karet+Kuningan%2C+Kecamatan+Setiabudi%2C+Kota+Jakarta+Selatan%2C+Daerah+Khusus+Ibukota+Jakarta+12940%2C+Indonesia&#038;t=&#038;z=13&#038;ie=UTF8&#038;iwloc=&#038;output=embed\"\r\n                            frameborder=\"0\"\r\n                            scrolling=\"no\"\r\n                            marginheight=\"0\"\r\n                            marginwidth=\"0\"\r\n                          ><\/iframe>\r\n                        <\/div>\r\n                      <\/div>\r\n                                      <\/div>\r\n                <\/div>\r\n              <\/div>\r\n                      <\/div>\r\n      <\/div>\r\n    <\/div>\r\n  <\/div>\r\n  <\/div><\/div>\n\n\n\n<div class=\"is-layout-flow wp-block-group sec-4\"><div class=\"wp-block-group__inner-container\">\n<div class=\"is-layout-flex wp-container-7 wp-block-columns coll mb30\">\n<div class=\"is-layout-flow wp-block-column coll-1\">\n<p class=\"title\">01.<\/p>\n\n\n\n<p class=\"content\">Nosso motor PLN,&nbsp;<strong>propriet\u00e1rio e eficiente em<\/strong>&nbsp;dados permite que as empresas implantem e executem chatbots com a m\u00e1xima precis\u00e3o de resposta, imediatamente.<\/p>\n<\/div>\n\n\n\n<div class=\"is-layout-flow wp-block-column coll-2\">\n<p class=\"title\">02.<\/p>\n\n\n\n<p class=\"content\">Nosso&nbsp;<strong>modelo multil\u00edngue independente de<\/strong>&nbsp;tradu\u00e7\u00e3o permite treinar a classifica\u00e7\u00e3o de inten\u00e7\u00e3o em uma linguagem e us\u00e1-lo em outros linguagens.<\/p>\n<\/div>\n\n\n\n<div class=\"is-layout-flow wp-block-column coll-3\">\n<p class=\"title\">03.<\/p>\n\n\n\n<p class=\"content\">Com nossa op\u00e7\u00e3o&nbsp;<strong>&#8220;pague conforme voc\u00ea escala&#8221;<\/strong>&nbsp;voc\u00ea tem a flexibilidade de pagar pelo modelo b\u00e1sico at\u00e9 que finalmente comece a escalar, e mesmo assim, ainda \u00e9 um montante conservador.<\/p>\n<\/div>\n<\/div>\n\n\n\n<div class=\"is-layout-flex wp-container-11 wp-block-columns coll mb30\">\n<div class=\"is-layout-flow wp-block-column coll-1\">\n<p class=\"title\">04.<\/p>\n\n\n\n<p class=\"content\">A Gartner nos&nbsp;<strong>reconheceu como<\/strong>&nbsp;a principal plataforma de intelig\u00eancia artificial de conversa\u00e7\u00e3o do mundo com recursos incompar\u00e1veis, como processamento de conte\u00fado interno, fornecedor virtual de assistente de cliente para empresas e instrumenta\u00e7\u00e3o de chatbot.<\/p>\n<\/div>\n\n\n\n<div class=\"is-layout-flow wp-block-column coll-2\">\n<p class=\"title\">05.<\/p>\n\n\n\n<p class=\"content\">Com nossa abordagem&nbsp;<strong>\u201cconstru\u00edda uma vez;<\/strong>&nbsp;implementada em qualquer lugar\u201d, podemos escalar facilmente nossos chatbots com qualquer integra\u00e7\u00e3o e canal, facilmente.<\/p>\n<\/div>\n\n\n\n<div class=\"is-layout-flow wp-block-column coll-3\"><\/div>\n<\/div>\n\n\n\n<div class=\"is-layout-flex wp-container-15 wp-block-columns coll\">\n<div class=\"is-layout-flow wp-block-column coll-1\"><\/div>\n\n\n\n<div class=\"is-layout-flow wp-block-column coll-2\"><\/div>\n\n\n\n<div class=\"is-layout-flow wp-block-column coll-3\">\n<h2 class=\"additional\"><strong>Inspirando<\/strong><br>o futuro.<\/h2>\n<\/div>\n<\/div>\n<\/div><\/div>\n\n\n\n<div class=\"is-layout-flow wp-block-group sec-5\"><div class=\"wp-block-group__inner-container\">\n<p class=\"has-text-align-center\">A yellow.ai usa as informa\u00e7\u00f5es de contato que voc\u00ea fornece para entrar em contato com voc\u00ea sobre nossos produtos e servi\u00e7os. Voc\u00ea pode cancelar a subscri\u00e7\u00e3o dessas comunica\u00e7\u00f5es a qualquer momento. Para obter mais informa\u00e7\u00f5es sobre como cancelar a subscri\u00e7\u00e3o, bem como nossas pr\u00e1ticas de privacidade e compromisso de proteger sua privacidade, consulte nossa Pol\u00edtica de Privacidade.<\/p>\n<\/div><\/div>\n","protected":false},"excerpt":{"rendered":"<p>Mais de 1000 marcas&nbsp;renomadasconfiam em n\u00f3s. Descubra novos caminhos para o crescimento e melhore os endpoints existentes com nossa nuvem de conversa\u00e7\u00e3o. Descubra como a yellow.ai ajuda os clientes finais Escreva-nos para&nbsp;contact@yellow.ai 01. Nosso motor PLN,&nbsp;propriet\u00e1rio e eficiente em&nbsp;dados permite que as empresas implantem e executem chatbots com a m\u00e1xima precis\u00e3o de resposta, imediatamente. 02. [&hellip;]<\/p>\n","protected":false},"author":7,"featured_media":0,"parent":0,"menu_order":0,"comment_status":"closed","ping_status":"closed","template":"","meta":{"advgb_blocks_editor_width":"","advgb_blocks_columns_visual_guide":"","inline_featured_image":false},"guides_categories":[],"acf":[],"yoast_head":"<!-- This site is optimized with the Yoast SEO plugin v20.2.1 - https:\/\/yoast.com\/wordpress\/plugins\/seo\/ -->\n<title>Contact Us - Yellow.ai<\/title>\n<meta name=\"robots\" content=\"noindex, follow, max-snippet:-1, max-image-preview:large, max-video-preview:-1\" \/>\n<meta property=\"og:locale\" content=\"pt_BR\" \/>\n<meta property=\"og:type\" content=\"article\" \/>\n<meta property=\"og:title\" content=\"Contact Us - Yellow.ai\" \/>\n<meta property=\"og:description\" content=\"Mais de 1000 marcas&nbsp;renomadasconfiam em n\u00f3s. Descubra novos caminhos para o crescimento e melhore os endpoints existentes com nossa nuvem de conversa\u00e7\u00e3o. Descubra como a yellow.ai ajuda os clientes finais Escreva-nos para&nbsp;contact@yellow.ai 01. Nosso motor PLN,&nbsp;propriet\u00e1rio e eficiente em&nbsp;dados permite que as empresas implantem e executem chatbots com a m\u00e1xima precis\u00e3o de resposta, imediatamente. 02. [&hellip;]\" \/>\n<meta property=\"og:url\" content=\"https:\/\/old.yellow.ai\/pt-br\/fale-conosco\/\" \/>\n<meta property=\"og:site_name\" content=\"Yellow.ai\" \/>\n<meta property=\"article:modified_time\" content=\"2022-08-29T11:23:12+00:00\" \/>\n<meta name=\"twitter:card\" content=\"summary_large_image\" \/>\n<meta name=\"twitter:label1\" content=\"Est. reading time\" \/>\n\t<meta name=\"twitter:data1\" content=\"2 minutos\" \/>\n<script type=\"application\/ld+json\" class=\"yoast-schema-graph\">{\"@context\":\"https:\/\/schema.org\",\"@graph\":[{\"@type\":\"WebPage\",\"@id\":\"https:\/\/old.yellow.ai\/pt-br\/fale-conosco\/\",\"url\":\"https:\/\/old.yellow.ai\/pt-br\/fale-conosco\/\",\"name\":\"Contact Us - Yellow.ai\",\"isPartOf\":{\"@id\":\"https:\/\/old.yellow.ai\/pt-br\/#website\"},\"datePublished\":\"2022-06-13T10:50:19+00:00\",\"dateModified\":\"2022-08-29T11:23:12+00:00\",\"breadcrumb\":{\"@id\":\"https:\/\/old.yellow.ai\/pt-br\/fale-conosco\/#breadcrumb\"},\"inLanguage\":\"pt-BR\",\"potentialAction\":[{\"@type\":\"ReadAction\",\"target\":[\"https:\/\/old.yellow.ai\/pt-br\/fale-conosco\/\"]}]},{\"@type\":\"BreadcrumbList\",\"@id\":\"https:\/\/old.yellow.ai\/pt-br\/fale-conosco\/#breadcrumb\",\"itemListElement\":[{\"@type\":\"ListItem\",\"position\":1,\"name\":\"Home\",\"item\":\"https:\/\/yellow.ai\/pt-br\/\"},{\"@type\":\"ListItem\",\"position\":2,\"name\":\"Contact Us\"}]},{\"@type\":\"WebSite\",\"@id\":\"https:\/\/old.yellow.ai\/pt-br\/#website\",\"url\":\"https:\/\/old.yellow.ai\/pt-br\/\",\"name\":\"Yellow.ai\",\"description\":\"\",\"potentialAction\":[{\"@type\":\"SearchAction\",\"target\":{\"@type\":\"EntryPoint\",\"urlTemplate\":\"https:\/\/old.yellow.ai\/pt-br\/?s={search_term_string}\"},\"query-input\":\"required name=search_term_string\"}],\"inLanguage\":\"pt-BR\"}]}<\/script>\n<!-- \/ Yoast SEO plugin. -->","yoast_head_json":{"title":"Contact Us - Yellow.ai","robots":{"index":"noindex","follow":"follow","max-snippet":"max-snippet:-1","max-image-preview":"max-image-preview:large","max-video-preview":"max-video-preview:-1"},"og_locale":"pt_BR","og_type":"article","og_title":"Contact Us - Yellow.ai","og_description":"Mais de 1000 marcas&nbsp;renomadasconfiam em n\u00f3s. Descubra novos caminhos para o crescimento e melhore os endpoints existentes com nossa nuvem de conversa\u00e7\u00e3o. Descubra como a yellow.ai ajuda os clientes finais Escreva-nos para&nbsp;contact@yellow.ai 01. Nosso motor PLN,&nbsp;propriet\u00e1rio e eficiente em&nbsp;dados permite que as empresas implantem e executem chatbots com a m\u00e1xima precis\u00e3o de resposta, imediatamente. 02. [&hellip;]","og_url":"https:\/\/old.yellow.ai\/pt-br\/fale-conosco\/","og_site_name":"Yellow.ai","article_modified_time":"2022-08-29T11:23:12+00:00","twitter_card":"summary_large_image","twitter_misc":{"Est. reading time":"2 minutos"},"schema":{"@context":"https:\/\/schema.org","@graph":[{"@type":"WebPage","@id":"https:\/\/old.yellow.ai\/pt-br\/fale-conosco\/","url":"https:\/\/old.yellow.ai\/pt-br\/fale-conosco\/","name":"Contact Us - Yellow.ai","isPartOf":{"@id":"https:\/\/old.yellow.ai\/pt-br\/#website"},"datePublished":"2022-06-13T10:50:19+00:00","dateModified":"2022-08-29T11:23:12+00:00","breadcrumb":{"@id":"https:\/\/old.yellow.ai\/pt-br\/fale-conosco\/#breadcrumb"},"inLanguage":"pt-BR","potentialAction":[{"@type":"ReadAction","target":["https:\/\/old.yellow.ai\/pt-br\/fale-conosco\/"]}]},{"@type":"BreadcrumbList","@id":"https:\/\/old.yellow.ai\/pt-br\/fale-conosco\/#breadcrumb","itemListElement":[{"@type":"ListItem","position":1,"name":"Home","item":"https:\/\/yellow.ai\/pt-br\/"},{"@type":"ListItem","position":2,"name":"Contact Us"}]},{"@type":"WebSite","@id":"https:\/\/old.yellow.ai\/pt-br\/#website","url":"https:\/\/old.yellow.ai\/pt-br\/","name":"Yellow.ai","description":"","potentialAction":[{"@type":"SearchAction","target":{"@type":"EntryPoint","urlTemplate":"https:\/\/old.yellow.ai\/pt-br\/?s={search_term_string}"},"query-input":"required name=search_term_string"}],"inLanguage":"pt-BR"}]}},"coauthors":[],"author_meta":{"author_link":"https:\/\/old.yellow.ai\/pt-br\/author\/ajmatsio-com\/","display_name":"Matsio"},"relative_dates":{"created":"Posted 4 anos ago","modified":"Updated 4 anos ago"},"absolute_dates":{"created":"Posted on junho 13, 2022","modified":"Updated on agosto 29, 2022"},"absolute_dates_time":{"created":"Posted on junho 13, 2022 4:20 pm","modified":"Updated on agosto 29, 2022 4:53 pm"},"featured_img_caption":"","featured_img":false,"series_order":"","_links":{"self":[{"href":"https:\/\/old.yellow.ai\/pt-br\/wp-json\/wp\/v2\/pages\/30166"}],"collection":[{"href":"https:\/\/old.yellow.ai\/pt-br\/wp-json\/wp\/v2\/pages"}],"about":[{"href":"https:\/\/old.yellow.ai\/pt-br\/wp-json\/wp\/v2\/types\/page"}],"author":[{"embeddable":true,"href":"https:\/\/old.yellow.ai\/pt-br\/wp-json\/wp\/v2\/users\/7"}],"replies":[{"embeddable":true,"href":"https:\/\/old.yellow.ai\/pt-br\/wp-json\/wp\/v2\/comments?post=30166"}],"version-history":[{"count":3,"href":"https:\/\/old.yellow.ai\/pt-br\/wp-json\/wp\/v2\/pages\/30166\/revisions"}],"predecessor-version":[{"id":57494,"href":"https:\/\/old.yellow.ai\/pt-br\/wp-json\/wp\/v2\/pages\/30166\/revisions\/57494"}],"wp:attachment":[{"href":"https:\/\/old.yellow.ai\/pt-br\/wp-json\/wp\/v2\/media?parent=30166"}],"wp:term":[{"taxonomy":"guides_categories","embeddable":true,"href":"https:\/\/old.yellow.ai\/pt-br\/wp-json\/wp\/v2\/guides_categories?post=30166"}],"curies":[{"name":"wp","href":"https:\/\/api.w.org\/{rel}","templated":true}]}}